{"id":28555,"date":"2025-10-14T08:29:24","date_gmt":"2025-10-14T07:29:24","guid":{"rendered":"https:\/\/www.bookolia.es\/?post_type=product&#038;p=28555"},"modified":"2025-10-14T08:41:01","modified_gmt":"2025-10-14T07:41:01","slug":"llupet","status":"publish","type":"product","link":"https:\/\/www.bookolia.es\/ca\/libreria\/llupet\/","title":{"rendered":"Llupet"},"content":{"rendered":"<div class=\"sinopsisHTML\">\n<p>En Llupet \u00e9s l\u2019\u00faltim llobat\u00f3 d\u2019una ventrada de nou. S\u2019ha de conformar amb all\u00f2 que els germans grans no aprofiten a l\u2019hora d\u2019alletar-se. Creix petit per\u00f2 sa. Quan la seva fam\u00edlia decideix marxar a la recerca d\u2019altres llocs on el menjar sigui m\u00e9s abundant, en Llupet no pot seguir el ritme de la bandada. Despr\u00e9s de lluitar molt per seguir la seva fam\u00edlia, finalment es queda enrere, perdut. Aconseguir\u00e0 trobar amb la seva fam\u00edlia?<\/p>\n<\/div>\n<div>\n<div><\/div>\n<\/div>\n","protected":false},"excerpt":{"rendered":"<p>En Llupet \u00e9s l\u2019\u00faltim llobat\u00f3 d\u2019una ventrada de nou. S\u2019ha de conformar amb all\u00f2 que els germans grans no aprofiten a l\u2019hora d\u2019alletar-se. Creix petit per\u00f2 sa. Quan la seva fam\u00edlia decideix marxar a la recerca d\u2019altres llocs on el menjar sigui m\u00e9s abundant, en Llupet no pot seguir el ritme de la bandada. Despr\u00e9s [&hellip;]<\/p>\n","protected":false},"featured_media":28559,"template":"","meta":{"_et_pb_use_builder":"","_et_pb_old_content":"","_et_gb_content_width":""},"product_brand":[],"product_cat":[542,543],"product_tag":[],"class_list":{"0":"post-28555","1":"product","2":"type-product","3":"status-publish","4":"has-post-thumbnail","6":"product_cat-alfeizar-ca","7":"product_cat-catala","9":"first","10":"instock","11":"taxable","12":"shipping-taxable","13":"product-type-simple"},"_links":{"self":[{"href":"https:\/\/www.bookolia.es\/ca\/wp-json\/wp\/v2\/product\/28555","targetHints":{"allow":["GET"]}}],"collection":[{"href":"https:\/\/www.bookolia.es\/ca\/wp-json\/wp\/v2\/product"}],"about":[{"href":"https:\/\/www.bookolia.es\/ca\/wp-json\/wp\/v2\/types\/product"}],"wp:featuredmedia":[{"embeddable":true,"href":"https:\/\/www.bookolia.es\/ca\/wp-json\/wp\/v2\/media\/28559"}],"wp:attachment":[{"href":"https:\/\/www.bookolia.es\/ca\/wp-json\/wp\/v2\/media?parent=28555"}],"wp:term":[{"taxonomy":"product_brand","embeddable":true,"href":"https:\/\/www.bookolia.es\/ca\/wp-json\/wp\/v2\/product_brand?post=28555"},{"taxonomy":"product_cat","embeddable":true,"href":"https:\/\/www.bookolia.es\/ca\/wp-json\/wp\/v2\/product_cat?post=28555"},{"taxonomy":"product_tag","embeddable":true,"href":"https:\/\/www.bookolia.es\/ca\/wp-json\/wp\/v2\/product_tag?post=28555"}],"curies":[{"name":"wp","href":"https:\/\/api.w.org\/{rel}","templated":true}]}}