{"id":28537,"date":"2025-09-01T09:13:24","date_gmt":"2025-09-01T08:13:24","guid":{"rendered":"https:\/\/www.bookolia.es\/libreria\/lelmar\/"},"modified":"2026-02-06T12:52:17","modified_gmt":"2026-02-06T11:52:17","slug":"lelmar","status":"publish","type":"product","link":"https:\/\/www.bookolia.es\/ca\/libreria\/lelmar\/","title":{"rendered":"L&#8217;\u00c8lmar"},"content":{"rendered":"<p>A la nostra societat, el que diuen els altres acostuma a ser m\u00e9s important que no ens pensem, i aquesta \u00e9s la lli\u00e7\u00f3 d\u2019aquest \u00e0lbum infantil: som molt m\u00e9s que el que diuen els altres.<\/p>\n<p>Per sobre de les opinions alienes, el nostre talent \u00e9s el m\u00e9s important, el que aprecien els que ens estimen. \u00c9s recomanable tenir confian\u00e7a en nosaltres mateixos des de la inf\u00e0ncia, tenir l\u2019autoestima com a companya.<\/p>\n<p>L\u2019\u00c8lmar \u00e9s un elefant beb\u00e8 que viu a la selva de Borneo. Un mat\u00ed es desperta sol. Com que troba a faltar la mare, decideix anar a cercar-la, per\u00f2 per fer-ho haur\u00e0 de travessar la selva tropical. En la seva apressada cerca, es trobar\u00e0 amb diferents animals als quals per un motiu o un altre fa enfadar. Quan per fi troba la mare, aquesta li preguntar\u00e0 al seu fill per qu\u00e8 est\u00e0 trist. L\u2019\u00c8lmar llavors li narrar\u00e0 les seves desafortunades trobades; la mare intentar\u00e0 tranquil\u00b7litzar el petit: per sobre dels prejudicis i opinions dels qui no el coneixen, la seva imaginaci\u00f3 i el seu talent s\u00f3n el m\u00e9s important. Aix\u00f2 \u00e9s el que la fam\u00edlia i els \u00e9ssers estimats li recalcaran: que, a difer\u00e8ncia del que diguin els altres, el m\u00e9s important \u00e9s el que un pensa de si mateix.<\/p>\n<p>Amb l\u2019obra <em>L\u2019\u00c8lmar<\/em> Javier Sobrino i Emilio Urberuaga han volgut homenatjar el seu amic David McKlee, el creador del popular\u00edssim L&#8217;Elmer.<\/p>\n","protected":false},"excerpt":{"rendered":"<p>A la nostra societat, el que diuen els altres acostuma a ser m\u00e9s important que no ens pensem, i aquesta \u00e9s la lli\u00e7\u00f3 d\u2019aquest \u00e0lbum infantil: som molt m\u00e9s que el que diuen els altres. Per sobre de les opinions alienes, el nostre talent \u00e9s el m\u00e9s important, el que aprecien els que ens estimen. [&hellip;]<\/p>\n","protected":false},"featured_media":28530,"template":"","meta":{"_et_pb_use_builder":"","_et_pb_old_content":"","_et_gb_content_width":""},"product_brand":[],"product_cat":[543,548],"product_tag":[587,652,653,559,654,655],"class_list":{"0":"post-28537","1":"product","2":"type-product","3":"status-publish","4":"has-post-thumbnail","6":"product_cat-catala","7":"product_cat-ilustrados","8":"product_tag-busqueda-ca","9":"product_tag-borneo-ca","10":"product_tag-elefantes-ca","11":"product_tag-familia-ca","12":"product_tag-madres-ca","13":"product_tag-selva-ca","15":"first","16":"instock","17":"taxable","18":"shipping-taxable","19":"product-type-simple"},"_links":{"self":[{"href":"https:\/\/www.bookolia.es\/ca\/wp-json\/wp\/v2\/product\/28537","targetHints":{"allow":["GET"]}}],"collection":[{"href":"https:\/\/www.bookolia.es\/ca\/wp-json\/wp\/v2\/product"}],"about":[{"href":"https:\/\/www.bookolia.es\/ca\/wp-json\/wp\/v2\/types\/product"}],"wp:featuredmedia":[{"embeddable":true,"href":"https:\/\/www.bookolia.es\/ca\/wp-json\/wp\/v2\/media\/28530"}],"wp:attachment":[{"href":"https:\/\/www.bookolia.es\/ca\/wp-json\/wp\/v2\/media?parent=28537"}],"wp:term":[{"taxonomy":"product_brand","embeddable":true,"href":"https:\/\/www.bookolia.es\/ca\/wp-json\/wp\/v2\/product_brand?post=28537"},{"taxonomy":"product_cat","embeddable":true,"href":"https:\/\/www.bookolia.es\/ca\/wp-json\/wp\/v2\/product_cat?post=28537"},{"taxonomy":"product_tag","embeddable":true,"href":"https:\/\/www.bookolia.es\/ca\/wp-json\/wp\/v2\/product_tag?post=28537"}],"curies":[{"name":"wp","href":"https:\/\/api.w.org\/{rel}","templated":true}]}}