{"id":28409,"date":"2025-06-04T10:21:22","date_gmt":"2025-06-04T09:21:22","guid":{"rendered":"https:\/\/www.bookolia.es\/libreria\/ingravida-cat\/"},"modified":"2026-03-19T13:51:30","modified_gmt":"2026-03-19T12:51:30","slug":"ingravida-cat","status":"publish","type":"product","link":"https:\/\/www.bookolia.es\/ca\/libreria\/ingravida-cat\/","title":{"rendered":"Ingr\u00e0vida"},"content":{"rendered":"<p>Des de sempre l\u2019\u00e9sser hum\u00e0 ha tingut una relaci\u00f3 molt especial amb el mar. El mar ens emociona, ens captiva, ens inspira, ens relaxa&#8230; L\u2019\u00e0lbum que ens proposen Fran Pintadera i Raquel Catalina \u00e9s un relat intimista i l\u00edric sobre les sensacions que ens desperta el mar, des que ens hi acostem fins que ens submergim a les seves aig\u00fces i ens hi integrem. Per\u00f2 no tot queda en el simple plaer est\u00e8tic i sensorial, al final de l\u2019\u00e0lbum un gir inesperat donar\u00e0 un altre sentit a la lectura del llibre.<\/p>\n<p>El text de Fran Pintadera va acompanyat d\u2019unes belles il\u00b7lustracions a m\u00e0 al\u00e7ada elaborades a base d\u2019aquarel\u00b7la i llapis. El mar i la fantasia s\u00f3n protagonistes d\u2019aquesta hist\u00f2ria, i aix\u00f2 \u00e9s el que ha volgut plasmar la il\u00b7lustradora Raquel Catalina a la t\u00e8cnica utilitzada.<\/p>\n","protected":false},"excerpt":{"rendered":"<p>Des de sempre l\u2019\u00e9sser hum\u00e0 ha tingut una relaci\u00f3 molt especial amb el mar. El mar ens emociona, ens captiva, ens inspira, ens relaxa&#8230; L\u2019\u00e0lbum que ens proposen Fran Pintadera i Raquel Catalina \u00e9s un relat intimista i l\u00edric sobre les sensacions que ens desperta el mar, des que ens hi acostem fins que ens [&hellip;]<\/p>\n","protected":false},"featured_media":28395,"template":"","meta":{"_et_pb_use_builder":"","_et_pb_old_content":"","_et_gb_content_width":""},"product_brand":[],"product_cat":[543,544,551],"product_tag":[645,646,647,648],"class_list":{"0":"post-28409","1":"product","2":"type-product","3":"status-publish","4":"has-post-thumbnail","6":"product_cat-catala","7":"product_cat-crizal","8":"product_cat-libro-ilustrado-ca","9":"product_tag-diversidad-funcional-ca","10":"product_tag-emociones-ca","11":"product_tag-mar-ca","12":"product_tag-playa-ca","14":"first","15":"instock","16":"taxable","17":"shipping-taxable","18":"product-type-simple"},"_links":{"self":[{"href":"https:\/\/www.bookolia.es\/ca\/wp-json\/wp\/v2\/product\/28409","targetHints":{"allow":["GET"]}}],"collection":[{"href":"https:\/\/www.bookolia.es\/ca\/wp-json\/wp\/v2\/product"}],"about":[{"href":"https:\/\/www.bookolia.es\/ca\/wp-json\/wp\/v2\/types\/product"}],"wp:featuredmedia":[{"embeddable":true,"href":"https:\/\/www.bookolia.es\/ca\/wp-json\/wp\/v2\/media\/28395"}],"wp:attachment":[{"href":"https:\/\/www.bookolia.es\/ca\/wp-json\/wp\/v2\/media?parent=28409"}],"wp:term":[{"taxonomy":"product_brand","embeddable":true,"href":"https:\/\/www.bookolia.es\/ca\/wp-json\/wp\/v2\/product_brand?post=28409"},{"taxonomy":"product_cat","embeddable":true,"href":"https:\/\/www.bookolia.es\/ca\/wp-json\/wp\/v2\/product_cat?post=28409"},{"taxonomy":"product_tag","embeddable":true,"href":"https:\/\/www.bookolia.es\/ca\/wp-json\/wp\/v2\/product_tag?post=28409"}],"curies":[{"name":"wp","href":"https:\/\/api.w.org\/{rel}","templated":true}]}}