{"id":28275,"date":"2021-09-15T09:27:04","date_gmt":"2021-09-15T08:27:04","guid":{"rendered":"https:\/\/www.bookolia.es\/libreria\/romances-de-la-rata-sabia\/"},"modified":"2026-02-15T18:33:29","modified_gmt":"2026-02-15T17:33:29","slug":"romances-de-la-rata-sabia","status":"publish","type":"product","link":"https:\/\/www.bookolia.es\/ca\/libreria\/romances-de-la-rata-sabia\/","title":{"rendered":"Romances de la Rata Sabia"},"content":{"rendered":"<p class=\"ql-align-justify\">La recientemente elegida acad\u00e9mica de la Lengua <strong>Paloma D\u00edaz-Mas<\/strong> nos ofrece en estos<em> Romances de la Rata Sabia <\/em>una versi\u00f3n renovada del romancero. Es este el primer acercamiento de la prestigiosa autora a la literatura infantil y ha elegido para ello el campo en el que es especialista (durante a\u00f1os ha investigado en el CSIC sobre el romancero y la literatura de tradici\u00f3n oral, principalmente sefard\u00ed).<\/p>\n<p class=\"ql-align-justify\">En los <strong>16 romances<\/strong> que componen el libro se tratan temas de diferente \u00edndole, todos actuales y destinados a la infancia, con un lenguaje contempor\u00e1neo en el que se entremezclan los recursos y giros del repertorio tradicional, siempre reconocibles. Es este, pues, un nuevo eslab\u00f3n en una de las tradiciones m\u00e1s antiguas y populares de las letras hisp\u00e1nicas: el romancero, que sigue aqu\u00ed ampli\u00e1ndose para llegar una vez m\u00e1s a los lectores m\u00e1s j\u00f3venes con asuntos que les resultar\u00e1n cercanos en la forma natural y pegadiza de siempre.<\/p>\n<p class=\"ql-align-justify\">En un juego con este tono cl\u00e1sico y a la vez moderno que rezuma el romancero, <strong>Concha Pasamar<\/strong> ha elaborado para la ocasi\u00f3n unas preciosistas ilustraciones a base de estampaciones y estarcidos con tinta en una paleta muy reducida de colores, con un resultado que es tambi\u00e9n un gui\u00f1o a la tradici\u00f3n impresa de los g\u00e9neros populares.<\/p>\n<p>Romances de la Rata Sabia es un libro maravilloso que ha obtenido los siguientes reconocimientos:<\/p>\n<ul>\n<li>primer premio al libro infantil y juvenil mejor editado en 2021. Premio otorgado por el ministerio de Cultura y Deporte.<\/li>\n<li>Premio Fundaci\u00f3n Cuatrogatos 2022.<\/li>\n<li>finalista en el premio de la muestra de la Comunidad de Madrid.<\/li>\n<li>seleccionado por la OEPLI.<\/li>\n<\/ul>\n<p>&nbsp;<\/p>\n<p style=\"text-align: center;\"><i>Esta obra ha recibido una ayuda a la edici\u00f3n del Ministerio de Cultura y Deporte<\/i><\/p>\n<p style=\"text-align: center;\"><a href=\"https:\/\/www.bookolia.es\/wp-content\/uploads\/logo-ministerio-scaled-e1582119841170.jpg\"><img loading=\"lazy\" decoding=\"async\" class=\"aligncenter wp-image-15539\" src=\"https:\/\/www.bookolia.es\/wp-content\/uploads\/logo-ministerio-scaled-e1582119841170.jpg\" alt=\"editorial de libros infantiles juveniles\" width=\"250\" height=\"71\"><\/a><\/p>\n","protected":false},"excerpt":{"rendered":"<p>La recientemente elegida acad\u00e9mica de la Lengua Paloma D\u00edaz-Mas nos ofrece en estos Romances de la Rata Sabia una versi\u00f3n renovada del romancero. Es este el primer acercamiento de la prestigiosa autora a la literatura infantil y ha elegido para ello el campo en el que es especialista (durante a\u00f1os ha investigado en el CSIC [&hellip;]<\/p>\n","protected":false},"featured_media":26320,"template":"","meta":{"_et_pb_use_builder":"","_et_pb_old_content":"","_et_gb_content_width":""},"product_brand":[],"product_cat":[619,567,551,556],"product_tag":[629,564,630,631,632,633,634,635,636,637],"class_list":{"0":"post-28275","1":"product","2":"type-product","3":"status-publish","4":"has-post-thumbnail","6":"product_cat-coleccion-de-poesia-infantil-y-juvenil","7":"product_cat-castellano-ca","8":"product_cat-libro-ilustrado-ca","9":"product_cat-poesia-ca","10":"product_tag-biblioteca-ca","11":"product_tag-diversitat","12":"product_tag-ecologia-ca","13":"product_tag-igualdad-ca","14":"product_tag-migracion-ca","15":"product_tag-rata-ca","16":"product_tag-romancero-ca","17":"product_tag-romances-nuevos-ca","18":"product_tag-sabia-ca","19":"product_tag-tolerancia-ca","21":"first","22":"instock","23":"featured","24":"taxable","25":"shipping-taxable","26":"product-type-simple"},"_links":{"self":[{"href":"https:\/\/www.bookolia.es\/ca\/wp-json\/wp\/v2\/product\/28275","targetHints":{"allow":["GET"]}}],"collection":[{"href":"https:\/\/www.bookolia.es\/ca\/wp-json\/wp\/v2\/product"}],"about":[{"href":"https:\/\/www.bookolia.es\/ca\/wp-json\/wp\/v2\/types\/product"}],"wp:featuredmedia":[{"embeddable":true,"href":"https:\/\/www.bookolia.es\/ca\/wp-json\/wp\/v2\/media\/26320"}],"wp:attachment":[{"href":"https:\/\/www.bookolia.es\/ca\/wp-json\/wp\/v2\/media?parent=28275"}],"wp:term":[{"taxonomy":"product_brand","embeddable":true,"href":"https:\/\/www.bookolia.es\/ca\/wp-json\/wp\/v2\/product_brand?post=28275"},{"taxonomy":"product_cat","embeddable":true,"href":"https:\/\/www.bookolia.es\/ca\/wp-json\/wp\/v2\/product_cat?post=28275"},{"taxonomy":"product_tag","embeddable":true,"href":"https:\/\/www.bookolia.es\/ca\/wp-json\/wp\/v2\/product_tag?post=28275"}],"curies":[{"name":"wp","href":"https:\/\/api.w.org\/{rel}","templated":true}]}}