{"id":28274,"date":"2025-05-27T13:02:21","date_gmt":"2025-05-27T12:02:21","guid":{"rendered":"https:\/\/www.bookolia.es\/libreria\/los-maburris-en-el-salvaje-oeste\/"},"modified":"2025-05-28T10:15:13","modified_gmt":"2025-05-28T09:15:13","slug":"los-maburris-en-el-salvaje-oeste","status":"publish","type":"product","link":"https:\/\/www.bookolia.es\/ca\/libreria\/los-maburris-en-el-salvaje-oeste\/","title":{"rendered":"Los Maburris en el salvaje Oeste"},"content":{"rendered":"<div class=\"sinopsisHTML\">\n<p>La familia Maburris sale de vacaciones a un peque\u00f1o pueblo de Extremadura en un puente primaveral. Sin embargo, no ser\u00e1 un viaje m\u00e1s; en esta ocasi\u00f3n han acordado pasar los d\u00edas desconectados de los dispositivos electr\u00f3nicos. Durante ese tiempo vivir\u00e1n aventuras, un poliz\u00f3n se les cuela en el coche de camino al pueblo; deber\u00e1n investigar el extra\u00f1o caso de una ni\u00f1a que ha desaparecido, un misterioso padre que la busca&#8230; Una amena historia de aventuras en la que tambi\u00e9n se abordan temas como la separaci\u00f3n y las no siempre f\u00e1ciles relaciones familiares.<\/p>\n<\/div>\n<div>\n<div><\/div>\n<\/div>\n","protected":false},"excerpt":{"rendered":"<p>La familia Maburris sale de vacaciones a un peque\u00f1o pueblo de Extremadura en un puente primaveral. Sin embargo, no ser\u00e1 un viaje m\u00e1s; en esta ocasi\u00f3n han acordado pasar los d\u00edas desconectados de los dispositivos electr\u00f3nicos. Durante ese tiempo vivir\u00e1n aventuras, un poliz\u00f3n se les cuela en el coche de camino al pueblo; deber\u00e1n investigar [&hellip;]<\/p>\n","protected":false},"featured_media":28251,"template":"","meta":{"_et_pb_use_builder":"","_et_pb_old_content":"","_et_gb_content_width":""},"product_brand":[],"product_cat":[618,567],"product_tag":[],"class_list":{"0":"post-28274","1":"product","2":"type-product","3":"status-publish","4":"has-post-thumbnail","6":"product_cat-vereda-ca","7":"product_cat-castellano-ca","9":"first","10":"instock","11":"taxable","12":"shipping-taxable","13":"product-type-simple"},"_links":{"self":[{"href":"https:\/\/www.bookolia.es\/ca\/wp-json\/wp\/v2\/product\/28274","targetHints":{"allow":["GET"]}}],"collection":[{"href":"https:\/\/www.bookolia.es\/ca\/wp-json\/wp\/v2\/product"}],"about":[{"href":"https:\/\/www.bookolia.es\/ca\/wp-json\/wp\/v2\/types\/product"}],"wp:featuredmedia":[{"embeddable":true,"href":"https:\/\/www.bookolia.es\/ca\/wp-json\/wp\/v2\/media\/28251"}],"wp:attachment":[{"href":"https:\/\/www.bookolia.es\/ca\/wp-json\/wp\/v2\/media?parent=28274"}],"wp:term":[{"taxonomy":"product_brand","embeddable":true,"href":"https:\/\/www.bookolia.es\/ca\/wp-json\/wp\/v2\/product_brand?post=28274"},{"taxonomy":"product_cat","embeddable":true,"href":"https:\/\/www.bookolia.es\/ca\/wp-json\/wp\/v2\/product_cat?post=28274"},{"taxonomy":"product_tag","embeddable":true,"href":"https:\/\/www.bookolia.es\/ca\/wp-json\/wp\/v2\/product_tag?post=28274"}],"curies":[{"name":"wp","href":"https:\/\/api.w.org\/{rel}","templated":true}]}}