{"id":28273,"date":"2017-11-13T20:13:25","date_gmt":"2017-11-13T19:13:25","guid":{"rendered":"https:\/\/www.bookolia.es\/libreria\/magico-y-cadiz-una-historia-de-amor\/"},"modified":"2026-03-01T18:51:36","modified_gmt":"2026-03-01T17:51:36","slug":"magico-y-cadiz-una-historia-de-amor","status":"publish","type":"product","link":"https:\/\/www.bookolia.es\/ca\/libreria\/magico-y-cadiz-una-historia-de-amor\/","title":{"rendered":"M\u00e1gico y C\u00e1diz: una historia de amor"},"content":{"rendered":"<p>Gol o penalti es una regla que s\u00f3lo existe en el f\u00fatbol que juegan los ni\u00f1os. Gracias a ella, las jugadas \u00abpol\u00e9micas\u00bb se zanjan r\u00e1pidamente, lo que permite no perder tiempo en aburridas discusiones y seguir jugando. Jugando a la pelota.<br \/>\nEn este f\u00fatbol no hay patadas malintencionadas, no hay trampas, ni enga\u00f1os, ni insultos; no hay derechos televisivos ni sueldos estratosf\u00e9ricos. S\u00f3lo existen las ganas de jugar. Jugar a la pelota.<\/p>\n<p><em>M\u00e1gico y C\u00e1diz: una historia de amor<\/em> es el segundo libro de la colecci\u00f3n. En \u00e9l narramos una de las m\u00e1s hermosas historias de amor que han tenido lugar en la historia del f\u00fatbol, la de Jorge \u00abM\u00e1gico\u00bb Gonz\u00e1lez y la ciudad de C\u00e1diz. Adem\u00e1s os contamos algunas de las innumerables jugadas y an\u00e9cdotas que tienen como protagonista a este genial jugador que tem\u00eda, m\u00e1s que a los defensas o a los porteros rivales, a un objeto inofensivo pero muy molesto: el despertador.<\/p>\n<h2>Hablan de nosotros<\/h2>\n<p><a href=\"http:\/\/www.canallector.com\/24284\/M\u00e1gico_y_C\u00e1diz._Una_historia_de_amor#\" rel=\"nofollow noopener\" target=\"_blank\">Canal Lector<\/a><\/p>\n<p><a href=\"https:\/\/futbolclubdelectura.com\/2018\/02\/19\/magico-y-cadiz-una-historia-de-amor-num-2-de-gol-o-penalti-de-jaime-palomo-cousido-y-caterina-rimelli\/\" rel=\"nofollow noopener\" target=\"_blank\">F\u00fatbol Club de Lectura<\/a><\/p>\n","protected":false},"excerpt":{"rendered":"<p><em>T\u00edtulo:<\/em> M\u00e1gico y C\u00e1diz: una historia de amor<br \/>\n<em>Autor:<\/em> Jaime Palomo Cousido<br \/>\n<em>Ilustradora:<\/em> Cate Rimelli<br \/>\n<em>P\u00e1ginas:<\/em> 72<br \/>\n<em>Encuadernaci\u00f3n:<\/em> cosida<br \/>\n<em>Cubierta:<\/em> r\u00fastica<br \/>\n<em>ISBN:<\/em> 978-84-946362-2-6<br \/>\n<em>Colecci\u00f3n:<\/em> Gol o penalti<\/p>\n","protected":false},"featured_media":26370,"template":"","meta":{"_et_pb_use_builder":"","_et_pb_old_content":"","_et_gb_content_width":""},"product_brand":[],"product_cat":[547,567],"product_tag":[621,607,623,704,624,705],"class_list":{"0":"post-28273","1":"product","2":"type-product","3":"status-publish","4":"has-post-thumbnail","6":"product_cat-gol-o-penalti","7":"product_cat-castellano-ca","8":"product_tag-biografia-ca","9":"product_tag-diversion-ca","10":"product_tag-futbol-ca","11":"product_tag-futbol-clasico","12":"product_tag-gol-o-penalti-ca","13":"product_tag-magico-gonzalez","15":"first","16":"instock","17":"taxable","18":"shipping-taxable","19":"product-type-simple"},"_links":{"self":[{"href":"https:\/\/www.bookolia.es\/ca\/wp-json\/wp\/v2\/product\/28273","targetHints":{"allow":["GET"]}}],"collection":[{"href":"https:\/\/www.bookolia.es\/ca\/wp-json\/wp\/v2\/product"}],"about":[{"href":"https:\/\/www.bookolia.es\/ca\/wp-json\/wp\/v2\/types\/product"}],"wp:featuredmedia":[{"embeddable":true,"href":"https:\/\/www.bookolia.es\/ca\/wp-json\/wp\/v2\/media\/26370"}],"wp:attachment":[{"href":"https:\/\/www.bookolia.es\/ca\/wp-json\/wp\/v2\/media?parent=28273"}],"wp:term":[{"taxonomy":"product_brand","embeddable":true,"href":"https:\/\/www.bookolia.es\/ca\/wp-json\/wp\/v2\/product_brand?post=28273"},{"taxonomy":"product_cat","embeddable":true,"href":"https:\/\/www.bookolia.es\/ca\/wp-json\/wp\/v2\/product_cat?post=28273"},{"taxonomy":"product_tag","embeddable":true,"href":"https:\/\/www.bookolia.es\/ca\/wp-json\/wp\/v2\/product_tag?post=28273"}],"curies":[{"name":"wp","href":"https:\/\/api.w.org\/{rel}","templated":true}]}}