{"id":28270,"date":"2022-04-25T16:11:06","date_gmt":"2022-04-25T15:11:06","guid":{"rendered":"https:\/\/www.bookolia.es\/libreria\/el-loco-higuita-y-el-escorpion\/"},"modified":"2026-02-15T17:26:03","modified_gmt":"2026-02-15T16:26:03","slug":"el-loco-higuita-y-el-escorpion","status":"publish","type":"product","link":"https:\/\/www.bookolia.es\/ca\/libreria\/el-loco-higuita-y-el-escorpion\/","title":{"rendered":"El loco Higuita y el escorpi\u00f3n"},"content":{"rendered":"<p><em>El loco Higuita y el escorpi\u00f3n<\/em>\u00a0es el primero de los t\u00edtulos de la colecci\u00f3n \u201cGol o penalti\u201d, un reencuentro con el f\u00fatbol de patio y parque, con futbolistas pintorescos y extravagantes que, por ver precisamente el deporte como juego y no como negocio,\u00a0deben ser reconocidos. El primero de los once que formar\u00e1n esta colecci\u00f3n est\u00e1 dedicado a Ren\u00e9 Higuita, el fabuloso portero colombiano que en los a\u00f1os 90 deslumbr\u00f3 al mundo con sus jugadas arriesgadas y sus genialidades, como el \u201cescorpi\u00f3n\u201d. Jaime Palomo Cousido narra episodios divertidos de la vida deportiva de don Ren\u00e9. Las caricaturescas\u00a0ilustraciones de Cate Rimelli hacen honor a las gamberradas de Higuita en el terreno de juego. Una delicia para que los ni\u00f1os sepan que ha habido (y hay) otro f\u00fatbol, que otro f\u00fatbol es posible. Otra delicia tambi\u00e9n para los padres, conocer an\u00e9cdotas de los personajes que conforman esta colecci\u00f3n.<\/p>\n<h2>La colecci\u00f3n<\/h2>\n<p>Gol o penalti es una regla que s\u00f3lo existe en el f\u00fatbol que juegan los ni\u00f1os. Gracias a ella, las jugadas \u00abpol\u00e9micas\u00bb se zanjan r\u00e1pidamente, lo que permite no perder tiempo en aburridas discusiones y seguir jugando. Jugando a la pelota.<br \/>\nEn este f\u00fatbol no hay patadas malintencionadas, no hay trampas, ni enga\u00f1os, ni insultos; no hay derechos televisivos ni sueldos estratosf\u00e9ricos. S\u00f3lo existen las ganas de jugar. Jugar a la pelota.<\/p>\n","protected":false},"excerpt":{"rendered":"<p>El loco Higuita y el escorpi\u00f3n\u00a0es el primero de los t\u00edtulos de la colecci\u00f3n \u201cGol o penalti\u201d, un reencuentro con el f\u00fatbol de patio y parque, con futbolistas pintorescos y extravagantes que, por ver precisamente el deporte como juego y no como negocio,\u00a0deben ser reconocidos. El primero de los once que formar\u00e1n esta colecci\u00f3n est\u00e1 [&hellip;]<\/p>\n","protected":false},"featured_media":26369,"template":"","meta":{"_et_pb_use_builder":"","_et_pb_old_content":"","_et_gb_content_width":""},"product_brand":[],"product_cat":[547,567],"product_tag":[626,623,627,628],"class_list":{"0":"post-28270","1":"product","2":"type-product","3":"status-publish","4":"has-post-thumbnail","6":"product_cat-gol-o-penalti","7":"product_cat-castellano-ca","8":"product_tag-deporte-ca","9":"product_tag-futbol-ca","10":"product_tag-futbol-ilustrado-ca","11":"product_tag-ilustracion-ca","13":"first","14":"instock","15":"taxable","16":"shipping-taxable","17":"product-type-simple"},"_links":{"self":[{"href":"https:\/\/www.bookolia.es\/ca\/wp-json\/wp\/v2\/product\/28270","targetHints":{"allow":["GET"]}}],"collection":[{"href":"https:\/\/www.bookolia.es\/ca\/wp-json\/wp\/v2\/product"}],"about":[{"href":"https:\/\/www.bookolia.es\/ca\/wp-json\/wp\/v2\/types\/product"}],"wp:featuredmedia":[{"embeddable":true,"href":"https:\/\/www.bookolia.es\/ca\/wp-json\/wp\/v2\/media\/26369"}],"wp:attachment":[{"href":"https:\/\/www.bookolia.es\/ca\/wp-json\/wp\/v2\/media?parent=28270"}],"wp:term":[{"taxonomy":"product_brand","embeddable":true,"href":"https:\/\/www.bookolia.es\/ca\/wp-json\/wp\/v2\/product_brand?post=28270"},{"taxonomy":"product_cat","embeddable":true,"href":"https:\/\/www.bookolia.es\/ca\/wp-json\/wp\/v2\/product_cat?post=28270"},{"taxonomy":"product_tag","embeddable":true,"href":"https:\/\/www.bookolia.es\/ca\/wp-json\/wp\/v2\/product_tag?post=28270"}],"curies":[{"name":"wp","href":"https:\/\/api.w.org\/{rel}","templated":true}]}}