{"id":28269,"date":"2022-04-26T12:32:44","date_gmt":"2022-04-26T11:32:44","guid":{"rendered":"https:\/\/www.bookolia.es\/libreria\/garrincha-la-alegria-del-pueblo\/"},"modified":"2026-02-15T17:23:10","modified_gmt":"2026-02-15T16:23:10","slug":"garrincha-la-alegria-del-pueblo","status":"publish","type":"product","link":"https:\/\/www.bookolia.es\/ca\/libreria\/garrincha-la-alegria-del-pueblo\/","title":{"rendered":"Garrincha: la alegr\u00eda del pueblo"},"content":{"rendered":"<blockquote><p>Junto a Pel\u00e9 y otros m\u00edticos jugadores de los 60, Garrincha conquist\u00f3 dos mundiales de f\u00fatbol e instaur\u00f3 el famoso &#8220;jogo bonito&#8221;.<\/p><\/blockquote>\n<p>Tercera entrega de la colecci\u00f3n \u201cGol o penalti\u201d. Esta vez dedicado al genial futbolista Garrincha, campe\u00f3n del mundo dos veces en la m\u00edtica selecci\u00f3n brasile\u00f1a de los 50 y 60, junto a compa\u00f1eros como Pel\u00e9. An\u00e9cdotas simp\u00e1ticas, viajes, encuentros, mundiales y mucho f\u00fatbol en 64 p\u00e1ginas dedicadas a la alegr\u00eda del pueblo.<\/p>\n<p style=\"text-align: center;\">\n","protected":false},"excerpt":{"rendered":"<p>Junto a Pel\u00e9 y otros m\u00edticos jugadores de los 60, Garrincha conquist\u00f3 dos mundiales de f\u00fatbol e instaur\u00f3 el famoso &#8220;jogo bonito&#8221;. Tercera entrega de la colecci\u00f3n \u201cGol o penalti\u201d. Esta vez dedicado al genial futbolista Garrincha, campe\u00f3n del mundo dos veces en la m\u00edtica selecci\u00f3n brasile\u00f1a de los 50 y 60, junto a compa\u00f1eros [&hellip;]<\/p>\n","protected":false},"featured_media":26364,"template":"","meta":{"_et_pb_use_builder":"","_et_pb_old_content":"","_et_gb_content_width":""},"product_brand":[],"product_cat":[547,567,549],"product_tag":[621,622,607,623,624,591],"class_list":{"0":"post-28269","1":"product","2":"type-product","3":"status-publish","4":"has-post-thumbnail","6":"product_cat-gol-o-penalti","7":"product_cat-castellano-ca","8":"product_cat-infantil-ca","9":"product_tag-biografia-ca","10":"product_tag-deportes-ca","11":"product_tag-diversion-ca","12":"product_tag-futbol-ca","13":"product_tag-gol-o-penalti-ca","14":"product_tag-lij-ca","16":"first","17":"instock","18":"taxable","19":"shipping-taxable","20":"product-type-simple"},"_links":{"self":[{"href":"https:\/\/www.bookolia.es\/ca\/wp-json\/wp\/v2\/product\/28269","targetHints":{"allow":["GET"]}}],"collection":[{"href":"https:\/\/www.bookolia.es\/ca\/wp-json\/wp\/v2\/product"}],"about":[{"href":"https:\/\/www.bookolia.es\/ca\/wp-json\/wp\/v2\/types\/product"}],"wp:featuredmedia":[{"embeddable":true,"href":"https:\/\/www.bookolia.es\/ca\/wp-json\/wp\/v2\/media\/26364"}],"wp:attachment":[{"href":"https:\/\/www.bookolia.es\/ca\/wp-json\/wp\/v2\/media?parent=28269"}],"wp:term":[{"taxonomy":"product_brand","embeddable":true,"href":"https:\/\/www.bookolia.es\/ca\/wp-json\/wp\/v2\/product_brand?post=28269"},{"taxonomy":"product_cat","embeddable":true,"href":"https:\/\/www.bookolia.es\/ca\/wp-json\/wp\/v2\/product_cat?post=28269"},{"taxonomy":"product_tag","embeddable":true,"href":"https:\/\/www.bookolia.es\/ca\/wp-json\/wp\/v2\/product_tag?post=28269"}],"curies":[{"name":"wp","href":"https:\/\/api.w.org\/{rel}","templated":true}]}}