{"id":28263,"date":"2024-03-09T17:46:53","date_gmt":"2024-03-09T16:46:53","guid":{"rendered":"https:\/\/www.bookolia.es\/libreria\/dias-de-circo\/"},"modified":"2026-02-06T12:28:53","modified_gmt":"2026-02-06T11:28:53","slug":"dias-de-circo","status":"publish","type":"product","link":"https:\/\/www.bookolia.es\/ca\/libreria\/dias-de-circo\/","title":{"rendered":"D\u00edas de circo"},"content":{"rendered":"<div class=\"sinopsisHTML\">\n<blockquote><p><strong><i>\u00a1Ac\u00e9rquense, ni\u00f1os y ni\u00f1as, grandes y m\u00e1s grandes. El circo ha llegado y David y Neus no lo muestran aqu\u00ed. Meceos con estos m\u00e1gicos versos maravillosamente ilustrados!<\/i><\/strong><\/p><\/blockquote>\n<p>El poeta David Hern\u00e1ndez Sevillano muestra su particular visi\u00f3n del circo en este delicado poemario que aglutina 27 poemas escritos en verso libre. De la mano de David iremos recorriendo en fabuloso mundo del circo. Neus Caama\u00f1o ha dado color y ha a\u00f1adido lirismo con sus ilustraciones al propio texto de Hern\u00e1ndez Sevillano.<\/p>\n<\/div>\n","protected":false},"excerpt":{"rendered":"<p>\u00a1Ac\u00e9rquense, ni\u00f1os y ni\u00f1as, grandes y m\u00e1s grandes. El circo ha llegado y David y Neus no lo muestran aqu\u00ed. Meceos con estos m\u00e1gicos versos maravillosamente ilustrados! El poeta David Hern\u00e1ndez Sevillano muestra su particular visi\u00f3n del circo en este delicado poemario que aglutina 27 poemas escritos en verso libre. De la mano de David [&hellip;]<\/p>\n","protected":false},"featured_media":26536,"template":"","meta":{"_et_pb_use_builder":"","_et_pb_old_content":"","_et_gb_content_width":""},"product_brand":[],"product_cat":[619,567,549,556],"product_tag":[617,611],"class_list":{"0":"post-28263","1":"product","2":"type-product","3":"status-publish","4":"has-post-thumbnail","6":"product_cat-coleccion-de-poesia-infantil-y-juvenil","7":"product_cat-castellano-ca","8":"product_cat-infantil-ca","9":"product_cat-poesia-ca","10":"product_tag-circo-ca","11":"product_tag-poemario-ca","13":"first","14":"instock","15":"taxable","16":"shipping-taxable","17":"product-type-simple"},"_links":{"self":[{"href":"https:\/\/www.bookolia.es\/ca\/wp-json\/wp\/v2\/product\/28263","targetHints":{"allow":["GET"]}}],"collection":[{"href":"https:\/\/www.bookolia.es\/ca\/wp-json\/wp\/v2\/product"}],"about":[{"href":"https:\/\/www.bookolia.es\/ca\/wp-json\/wp\/v2\/types\/product"}],"wp:featuredmedia":[{"embeddable":true,"href":"https:\/\/www.bookolia.es\/ca\/wp-json\/wp\/v2\/media\/26536"}],"wp:attachment":[{"href":"https:\/\/www.bookolia.es\/ca\/wp-json\/wp\/v2\/media?parent=28263"}],"wp:term":[{"taxonomy":"product_brand","embeddable":true,"href":"https:\/\/www.bookolia.es\/ca\/wp-json\/wp\/v2\/product_brand?post=28263"},{"taxonomy":"product_cat","embeddable":true,"href":"https:\/\/www.bookolia.es\/ca\/wp-json\/wp\/v2\/product_cat?post=28263"},{"taxonomy":"product_tag","embeddable":true,"href":"https:\/\/www.bookolia.es\/ca\/wp-json\/wp\/v2\/product_tag?post=28263"}],"curies":[{"name":"wp","href":"https:\/\/api.w.org\/{rel}","templated":true}]}}