{"id":28260,"date":"2023-03-21T13:54:11","date_gmt":"2023-03-21T12:54:11","guid":{"rendered":"https:\/\/www.bookolia.es\/libreria\/ruidos-y-ruiditos\/"},"modified":"2025-05-28T09:13:46","modified_gmt":"2025-05-28T08:13:46","slug":"ruidos-y-ruiditos","status":"publish","type":"product","link":"https:\/\/www.bookolia.es\/ca\/libreria\/ruidos-y-ruiditos\/","title":{"rendered":"Ruidos y ruiditos"},"content":{"rendered":"<blockquote><p>Un delicioso libro para acercar la poes\u00eda a los m\u00e1s peque\u00f1os.<\/p><\/blockquote>\n<p><em>Ruidos y ruiditos<\/em> es un poemario que incluye nanas, retah\u00edlas, adivinanzas, ritmos y canciones. Distintas composiciones que <strong>versan sobre el sentido del o\u00eddo: alegres, ligeras, l\u00fadicas,<\/strong> todas ellas invitan a entrar y disfrutar con los peque\u00f1os lectores de las rimas que nos acerca la poeta Mar Benegas en sus composiciones. <strong>Las ilustraciones de Laia Dom\u00e8nech, elaboradas en acuarela y con una paleta de color alegre, se complementan a la perfecci\u00f3n con los textos de Mar,<\/strong> jugando en cada ocasi\u00f3n con la doble p\u00e1gina o adapt\u00e1ndose a la composici\u00f3n de cada poema.<\/p>\n<p>&nbsp;<\/p>\n","protected":false},"excerpt":{"rendered":"<p>Un delicioso libro para acercar la poes\u00eda a los m\u00e1s peque\u00f1os. Ruidos y ruiditos es un poemario que incluye nanas, retah\u00edlas, adivinanzas, ritmos y canciones. Distintas composiciones que versan sobre el sentido del o\u00eddo: alegres, ligeras, l\u00fadicas, todas ellas invitan a entrar y disfrutar con los peque\u00f1os lectores de las rimas que nos acerca la [&hellip;]<\/p>\n","protected":false},"featured_media":26448,"template":"","meta":{"_et_pb_use_builder":"","_et_pb_old_content":"","_et_gb_content_width":""},"product_brand":[],"product_cat":[619,567,543,549,556],"product_tag":[611,612,613,614,615,616],"class_list":{"0":"post-28260","1":"product","2":"type-product","3":"status-publish","4":"has-post-thumbnail","6":"product_cat-coleccion-de-poesia-infantil-y-juvenil","7":"product_cat-castellano-ca","8":"product_cat-catala","9":"product_cat-infantil-ca","10":"product_cat-poesia-ca","11":"product_tag-poemario-ca","12":"product_tag-poemario-ilustrado-ca","13":"product_tag-poesia-infantil-ca","14":"product_tag-retahilas-ca","15":"product_tag-ruidos-ca","16":"product_tag-sonidos-ca","18":"first","19":"instock","20":"taxable","21":"shipping-taxable","22":"product-type-simple"},"_links":{"self":[{"href":"https:\/\/www.bookolia.es\/ca\/wp-json\/wp\/v2\/product\/28260","targetHints":{"allow":["GET"]}}],"collection":[{"href":"https:\/\/www.bookolia.es\/ca\/wp-json\/wp\/v2\/product"}],"about":[{"href":"https:\/\/www.bookolia.es\/ca\/wp-json\/wp\/v2\/types\/product"}],"wp:featuredmedia":[{"embeddable":true,"href":"https:\/\/www.bookolia.es\/ca\/wp-json\/wp\/v2\/media\/26448"}],"wp:attachment":[{"href":"https:\/\/www.bookolia.es\/ca\/wp-json\/wp\/v2\/media?parent=28260"}],"wp:term":[{"taxonomy":"product_brand","embeddable":true,"href":"https:\/\/www.bookolia.es\/ca\/wp-json\/wp\/v2\/product_brand?post=28260"},{"taxonomy":"product_cat","embeddable":true,"href":"https:\/\/www.bookolia.es\/ca\/wp-json\/wp\/v2\/product_cat?post=28260"},{"taxonomy":"product_tag","embeddable":true,"href":"https:\/\/www.bookolia.es\/ca\/wp-json\/wp\/v2\/product_tag?post=28260"}],"curies":[{"name":"wp","href":"https:\/\/api.w.org\/{rel}","templated":true}]}}