{"id":28223,"date":"2018-09-24T01:26:05","date_gmt":"2018-09-24T00:26:05","guid":{"rendered":"https:\/\/www.bookolia.es\/libreria\/amor-en-una-capsa-de-cartro\/"},"modified":"2018-09-24T01:26:05","modified_gmt":"2018-09-24T00:26:05","slug":"amor-en-una-capsa-de-cartro","status":"publish","type":"product","link":"https:\/\/www.bookolia.es\/ca\/libreria\/amor-en-una-capsa-de-cartro\/","title":{"rendered":"Amor en una capsa de cartr\u00f3"},"content":{"rendered":"<blockquote><p>Bonache y Matagacha son vecinos y no se llevan muy bien, ni ellos ni sus mascotas. Pero un d\u00eda de viento, el vuelo alocado de una caja revolver\u00e1 sus vidas y las del vecindario.<\/p><\/blockquote>\n<p>Y de repente el viento comenz\u00f3 a soplar\u2026<br \/>\nUna divertida y alocada historia donde dos vecinos y sus mascotas que no congeniaban encuentran su espacio com\u00fan gracias a una caja que devora todo lo que alcanza.<br \/>\nUn \u00e1lbum muy disparatado y divertido con simp\u00e1ticos protagonistas: la pareja de vecinos, sus mascotas, la caja tragona y un \u00faltimo personaje invisible, sobre el que gira todo el \u00e1lbum, el viento.<\/p>\n<p>&nbsp;<\/p>\n<p style=\"text-align: center;\"><a href=\"https:\/\/www.todostuslibros.com\/libros\/amor-en-una-caja-de-carton_978-84-946362-6-4\" class=\"small-button smallblue\" target=\"_blank\" rel=\"nofollow noopener\">Encu\u00e9ntralo en tu librer\u00eda favorita<\/a><\/p>\n","protected":false},"excerpt":{"rendered":"<p>Bonache y Matagacha son vecinos y no se llevan muy bien, ni ellos ni sus mascotas. Pero un d\u00eda de viento, el vuelo alocado de una caja revolver\u00e1 sus vidas y las del vecindario. Y de repente el viento comenz\u00f3 a soplar\u2026 Una divertida y alocada historia donde dos vecinos y sus mascotas que no [&hellip;]<\/p>\n","protected":false},"featured_media":26568,"template":"","meta":{"_et_pb_use_builder":"","_et_pb_old_content":"","_et_gb_content_width":""},"product_brand":[],"product_cat":[543,548],"product_tag":[],"class_list":{"0":"post-28223","1":"product","2":"type-product","3":"status-publish","4":"has-post-thumbnail","6":"product_cat-catala","7":"product_cat-ilustrados","9":"first","10":"instock","11":"taxable","12":"shipping-taxable","13":"product-type-simple"},"_links":{"self":[{"href":"https:\/\/www.bookolia.es\/ca\/wp-json\/wp\/v2\/product\/28223","targetHints":{"allow":["GET"]}}],"collection":[{"href":"https:\/\/www.bookolia.es\/ca\/wp-json\/wp\/v2\/product"}],"about":[{"href":"https:\/\/www.bookolia.es\/ca\/wp-json\/wp\/v2\/types\/product"}],"wp:featuredmedia":[{"embeddable":true,"href":"https:\/\/www.bookolia.es\/ca\/wp-json\/wp\/v2\/media\/26568"}],"wp:attachment":[{"href":"https:\/\/www.bookolia.es\/ca\/wp-json\/wp\/v2\/media?parent=28223"}],"wp:term":[{"taxonomy":"product_brand","embeddable":true,"href":"https:\/\/www.bookolia.es\/ca\/wp-json\/wp\/v2\/product_brand?post=28223"},{"taxonomy":"product_cat","embeddable":true,"href":"https:\/\/www.bookolia.es\/ca\/wp-json\/wp\/v2\/product_cat?post=28223"},{"taxonomy":"product_tag","embeddable":true,"href":"https:\/\/www.bookolia.es\/ca\/wp-json\/wp\/v2\/product_tag?post=28223"}],"curies":[{"name":"wp","href":"https:\/\/api.w.org\/{rel}","templated":true}]}}