{"id":28210,"date":"2019-06-20T01:43:05","date_gmt":"2019-06-20T00:43:05","guid":{"rendered":"https:\/\/www.bookolia.es\/libreria\/nas-vermell\/"},"modified":"2026-03-01T22:35:34","modified_gmt":"2026-03-01T21:35:34","slug":"nas-vermell","status":"publish","type":"product","link":"https:\/\/www.bookolia.es\/ca\/libreria\/nas-vermell\/","title":{"rendered":"Nas Vermell"},"content":{"rendered":"<blockquote><p>Una ma\u00f1ana triste, m\u00f3notona y aburrida puede convertirse en una aut\u00e9ntica maravilla si se cruza en nuestro camino Nariz Roja.<\/p><\/blockquote>\n<p>De la imaginaci\u00f3n de Valentina Rizzi y los dibujos de Sergio Olivotti naci\u00f3 esta historia que nos dibuja una sonrisa y alegra la existencia.<\/p>\n","protected":false},"excerpt":{"rendered":"<p>Una ma\u00f1ana triste, m\u00f3notona y aburrida puede convertirse en una aut\u00e9ntica maravilla si se cruza en nuestro camino Nariz Roja. De la imaginaci\u00f3n de Valentina Rizzi y los dibujos de Sergio Olivotti naci\u00f3 esta historia que nos dibuja una sonrisa y alegra la existencia.<\/p>\n","protected":false},"featured_media":26298,"template":"","meta":{"_et_pb_use_builder":"","_et_pb_old_content":"","_et_gb_content_width":""},"product_brand":[],"product_cat":[548,543],"product_tag":[604,605,606,607,608,609],"class_list":{"0":"post-28210","1":"product","2":"type-product","3":"status-publish","4":"has-post-thumbnail","6":"product_cat-ilustrados","7":"product_cat-catala","8":"product_tag-cambio-ca","9":"product_tag-ciudad-ca","10":"product_tag-clown-ca","11":"product_tag-diversion-ca","12":"product_tag-locura-ca","13":"product_tag-magia-ca","15":"first","16":"instock","17":"taxable","18":"shipping-taxable","19":"product-type-simple"},"_links":{"self":[{"href":"https:\/\/www.bookolia.es\/ca\/wp-json\/wp\/v2\/product\/28210","targetHints":{"allow":["GET"]}}],"collection":[{"href":"https:\/\/www.bookolia.es\/ca\/wp-json\/wp\/v2\/product"}],"about":[{"href":"https:\/\/www.bookolia.es\/ca\/wp-json\/wp\/v2\/types\/product"}],"wp:featuredmedia":[{"embeddable":true,"href":"https:\/\/www.bookolia.es\/ca\/wp-json\/wp\/v2\/media\/26298"}],"wp:attachment":[{"href":"https:\/\/www.bookolia.es\/ca\/wp-json\/wp\/v2\/media?parent=28210"}],"wp:term":[{"taxonomy":"product_brand","embeddable":true,"href":"https:\/\/www.bookolia.es\/ca\/wp-json\/wp\/v2\/product_brand?post=28210"},{"taxonomy":"product_cat","embeddable":true,"href":"https:\/\/www.bookolia.es\/ca\/wp-json\/wp\/v2\/product_cat?post=28210"},{"taxonomy":"product_tag","embeddable":true,"href":"https:\/\/www.bookolia.es\/ca\/wp-json\/wp\/v2\/product_tag?post=28210"}],"curies":[{"name":"wp","href":"https:\/\/api.w.org\/{rel}","templated":true}]}}