{"id":28208,"date":"2019-08-24T23:59:24","date_gmt":"2019-08-24T22:59:24","guid":{"rendered":"https:\/\/www.bookolia.es\/libreria\/revenja\/"},"modified":"2026-03-01T20:27:19","modified_gmt":"2026-03-01T19:27:19","slug":"revenja","status":"publish","type":"product","link":"https:\/\/www.bookolia.es\/ca\/libreria\/revenja\/","title":{"rendered":"Revenja"},"content":{"rendered":"<h3><\/h3>\n<h3>Un \u00e1lbum gamberro, original, provocador&#8230;<\/h3>\n<blockquote><p><strong>\u00bfCu\u00e1ntas veces siendo ni\u00f1os nos han hablado, achuchado, besuqueado, estrechado, abrazado cuando no lo dese\u00e1bamos?<br \/>\n\u00bfDeben los ni\u00f1os saludar cort\u00e9smente a quien se acerque?<\/strong><\/p><\/blockquote>\n<p>Una forma divertida y simp\u00e1tica de decir a los mayores que los ni\u00f1os a veces no est\u00e1n dispuestos a ser tan amables y simp\u00e1ticos como ellos desean.<\/p>\n<p style=\"text-align: center;\">\n","protected":false},"excerpt":{"rendered":"<p>Un \u00e1lbum gamberro, original, provocador&#8230; \u00bfCu\u00e1ntas veces siendo ni\u00f1os nos han hablado, achuchado, besuqueado, estrechado, abrazado cuando no lo dese\u00e1bamos? \u00bfDeben los ni\u00f1os saludar cort\u00e9smente a quien se acerque? Una forma divertida y simp\u00e1tica de decir a los mayores que los ni\u00f1os a veces no est\u00e1n dispuestos a ser tan amables y simp\u00e1ticos como ellos [&hellip;]<\/p>\n","protected":false},"featured_media":26299,"template":"","meta":{"_et_pb_use_builder":"","_et_pb_old_content":"","_et_gb_content_width":""},"product_brand":[],"product_cat":[543,548,549],"product_tag":[599,600,602,603],"class_list":{"0":"post-28208","1":"product","2":"type-product","3":"status-publish","4":"has-post-thumbnail","6":"product_cat-catala","7":"product_cat-ilustrados","8":"product_cat-infantil-ca","9":"product_tag-convenciones-sociales-ca","10":"product_tag-empoderamiento-ca","11":"product_tag-saludos-ca","12":"product_tag-visitas-ca","14":"first","15":"instock","16":"featured","17":"taxable","18":"shipping-taxable","19":"product-type-simple"},"_links":{"self":[{"href":"https:\/\/www.bookolia.es\/ca\/wp-json\/wp\/v2\/product\/28208","targetHints":{"allow":["GET"]}}],"collection":[{"href":"https:\/\/www.bookolia.es\/ca\/wp-json\/wp\/v2\/product"}],"about":[{"href":"https:\/\/www.bookolia.es\/ca\/wp-json\/wp\/v2\/types\/product"}],"wp:featuredmedia":[{"embeddable":true,"href":"https:\/\/www.bookolia.es\/ca\/wp-json\/wp\/v2\/media\/26299"}],"wp:attachment":[{"href":"https:\/\/www.bookolia.es\/ca\/wp-json\/wp\/v2\/media?parent=28208"}],"wp:term":[{"taxonomy":"product_brand","embeddable":true,"href":"https:\/\/www.bookolia.es\/ca\/wp-json\/wp\/v2\/product_brand?post=28208"},{"taxonomy":"product_cat","embeddable":true,"href":"https:\/\/www.bookolia.es\/ca\/wp-json\/wp\/v2\/product_cat?post=28208"},{"taxonomy":"product_tag","embeddable":true,"href":"https:\/\/www.bookolia.es\/ca\/wp-json\/wp\/v2\/product_tag?post=28208"}],"curies":[{"name":"wp","href":"https:\/\/api.w.org\/{rel}","templated":true}]}}