{"id":28206,"date":"2019-08-28T19:10:39","date_gmt":"2019-08-28T18:10:39","guid":{"rendered":"https:\/\/www.bookolia.es\/libreria\/plovisquetoneja\/"},"modified":"2019-08-28T19:10:39","modified_gmt":"2019-08-28T18:10:39","slug":"plovisquetoneja","status":"publish","type":"product","link":"https:\/\/www.bookolia.es\/ca\/libreria\/plovisquetoneja\/","title":{"rendered":"Plovisquetoneja"},"content":{"rendered":"<blockquote><p>Marisol vol sortir a passejar amb el seu gos Pr\u00e9ssec. Quan es prepara per a sortir de casa, el seu pare, home assenyat i previngut, li far\u00e0 abrigar-se davant la imminent pluja. Una divertida hist\u00f2ria acumulativa que ens parla de que sobreprotectores s\u00f3n a vegades els pares.<\/p><\/blockquote>\n<p><strong><i>Una divertida hist\u00f2ria sobre un pare massa previngut i una nena amb massa ganes de jugar.<\/i><\/strong><\/p>\n<a href=\"https:\/\/www.todostuslibros.com\/libros\/plovisquetoneja_978-84-120113-4-0\" class=\"small-button smallblue\" target=\"_blank\" rel=\"nofollow noopener\">Encu\u00e9ntralo en tu librer\u00eda favorita<\/a>\n<p>&nbsp;<\/p>\n<p style=\"text-align: left;\">\n","protected":false},"excerpt":{"rendered":"<p>Marisol vol sortir a passejar amb el seu gos Pr\u00e9ssec. Quan es prepara per a sortir de casa, el seu pare, home assenyat i previngut, li far\u00e0 abrigar-se davant la imminent pluja. Una divertida hist\u00f2ria acumulativa que ens parla de que sobreprotectores s\u00f3n a vegades els pares. Una divertida hist\u00f2ria sobre un pare massa previngut [&hellip;]<\/p>\n","protected":false},"featured_media":26333,"template":"","meta":{"_et_pb_use_builder":"","_et_pb_old_content":"","_et_gb_content_width":""},"product_brand":[],"product_cat":[543,548],"product_tag":[],"class_list":{"0":"post-28206","1":"product","2":"type-product","3":"status-publish","4":"has-post-thumbnail","6":"product_cat-catala","7":"product_cat-ilustrados","9":"first","10":"instock","11":"taxable","12":"shipping-taxable","13":"product-type-simple"},"_links":{"self":[{"href":"https:\/\/www.bookolia.es\/ca\/wp-json\/wp\/v2\/product\/28206","targetHints":{"allow":["GET"]}}],"collection":[{"href":"https:\/\/www.bookolia.es\/ca\/wp-json\/wp\/v2\/product"}],"about":[{"href":"https:\/\/www.bookolia.es\/ca\/wp-json\/wp\/v2\/types\/product"}],"wp:featuredmedia":[{"embeddable":true,"href":"https:\/\/www.bookolia.es\/ca\/wp-json\/wp\/v2\/media\/26333"}],"wp:attachment":[{"href":"https:\/\/www.bookolia.es\/ca\/wp-json\/wp\/v2\/media?parent=28206"}],"wp:term":[{"taxonomy":"product_brand","embeddable":true,"href":"https:\/\/www.bookolia.es\/ca\/wp-json\/wp\/v2\/product_brand?post=28206"},{"taxonomy":"product_cat","embeddable":true,"href":"https:\/\/www.bookolia.es\/ca\/wp-json\/wp\/v2\/product_cat?post=28206"},{"taxonomy":"product_tag","embeddable":true,"href":"https:\/\/www.bookolia.es\/ca\/wp-json\/wp\/v2\/product_tag?post=28206"}],"curies":[{"name":"wp","href":"https:\/\/api.w.org\/{rel}","templated":true}]}}