{"id":28203,"date":"2020-09-04T22:49:59","date_gmt":"2020-09-04T21:49:59","guid":{"rendered":"https:\/\/www.bookolia.es\/libreria\/on-deu-ser-la-meva-corbata\/"},"modified":"2020-09-04T22:49:59","modified_gmt":"2020-09-04T20:49:59","slug":"on-deu-ser-la-meva-corbata","status":"publish","type":"product","link":"https:\/\/www.bookolia.es\/ca\/libreria\/on-deu-ser-la-meva-corbata\/","title":{"rendered":"On deu ser la meva corbata?"},"content":{"rendered":"<blockquote><p>Quin embolic!<\/p>\n<p>El saltamart\u00ed ha perdut la corbata; el centpeus, la sabata; el caragol, la bufanda&#8230;<\/p>\n<p>Una divertida hist\u00f2ria de p\u00e8rdues i troballes inesperades, de treball en equip i amistat.<\/p><\/blockquote>\n<p>Una divertida hist\u00f2ria plena de ritme. La Llagosta, que ha perdut la seva corbata, es troba pel cam\u00ed amics que han perdut altres objectes. D&#8217;estructura acumulativa, un a un es van sumant a la recerca del que ja no tenen sense ser conscients que el que un ha perdut, ho ha trobat l&#8217;altre. Finalment s&#8217;adonaran de l&#8217;error, per\u00f2&#8230; on estar\u00e0 la corbata? Una hist\u00f2ria d&#8217;embolics trepidant.<\/p>\n<p>Un \u00e0lbum que anima la col\u00b7laboraci\u00f3 i a la feina en equip amb divertits personatges il\u00b7lustrats per Canizales.<\/p>\n<a href=\"https:\/\/www.todostuslibros.com\/libros\/on-deu-ser-la-meva-corbata_978-84-18284-04-5\" class=\"small-button smallblue\" target=\"_blank\" rel=\"nofollow noopener\">Troba On deu ser la meva corbata?<\/a>\n<p>&nbsp;<\/p>\n\n\t\t\t<div class='et-tabs-container et_sliderfx_fade et_sliderauto_false et_sliderauto_speed_5000 et_slidertype_top_tabs'>\n\t\t\t\t<ul class='et-tabs-control'>\n\t\t\t<li><a href='#'>\n\t\t\tRECURSOS\n\t\t<\/a><\/li>\n\t\t<\/ul> \n\t\t<div class='et-tabs-content'>\n\t\t\t<div class='et-tabs-content-main-wrap'>\n\t\t\t\t<div class='et-tabs-content-wrapper'>\n\t\t\t\t\t<div class='et_slidecontent'>\n\t\t\tFes clic en aquest bot\u00f3 i passa una bona estona pintant els personatges del nostre llibre <a href='#' class='small-button smallblue' target=\"_blank\">Descarga, imprime y colorea<\/a>\n\t\t<\/div>\n\t\t\t\t<\/div>\n\t\t\t<\/div>\n\t\t<\/div>\n\t\t\t<\/div>\n","protected":false},"excerpt":{"rendered":"<p>Quin embolic! El saltamart\u00ed ha perdut la corbata; el centpeus, la sabata; el caragol, la bufanda&#8230; Una divertida hist\u00f2ria de p\u00e8rdues i troballes inesperades, de treball en equip i amistat. Una divertida hist\u00f2ria plena de ritme. La Llagosta, que ha perdut la seva corbata, es troba pel cam\u00ed amics que han perdut altres objectes. D&#8217;estructura [&hellip;]<\/p>\n","protected":false},"featured_media":26263,"template":"","meta":{"_et_pb_use_builder":"","_et_pb_old_content":"","_et_gb_content_width":""},"product_brand":[],"product_cat":[543,549],"product_tag":[583,558,584,585,586,587,588,589,590,563,591,592],"class_list":{"0":"post-28203","1":"product","2":"type-product","3":"status-publish","4":"has-post-thumbnail","6":"product_cat-catala","7":"product_cat-infantil-ca","8":"product_tag-amigos-ca","9":"product_tag-amistat","10":"product_tag-animales-ca","11":"product_tag-album-ilustrado-ca","12":"product_tag-album-infantil-ca","13":"product_tag-busqueda-ca","14":"product_tag-colaboracion-ca","15":"product_tag-confusion-ca","16":"product_tag-corbata-ca","17":"product_tag-humor-ca","18":"product_tag-lij-ca","19":"product_tag-trabajo-en-equipo-ca","21":"first","22":"instock","23":"taxable","24":"shipping-taxable","25":"product-type-simple"},"_links":{"self":[{"href":"https:\/\/www.bookolia.es\/ca\/wp-json\/wp\/v2\/product\/28203","targetHints":{"allow":["GET"]}}],"collection":[{"href":"https:\/\/www.bookolia.es\/ca\/wp-json\/wp\/v2\/product"}],"about":[{"href":"https:\/\/www.bookolia.es\/ca\/wp-json\/wp\/v2\/types\/product"}],"wp:featuredmedia":[{"embeddable":true,"href":"https:\/\/www.bookolia.es\/ca\/wp-json\/wp\/v2\/media\/26263"}],"wp:attachment":[{"href":"https:\/\/www.bookolia.es\/ca\/wp-json\/wp\/v2\/media?parent=28203"}],"wp:term":[{"taxonomy":"product_brand","embeddable":true,"href":"https:\/\/www.bookolia.es\/ca\/wp-json\/wp\/v2\/product_brand?post=28203"},{"taxonomy":"product_cat","embeddable":true,"href":"https:\/\/www.bookolia.es\/ca\/wp-json\/wp\/v2\/product_cat?post=28203"},{"taxonomy":"product_tag","embeddable":true,"href":"https:\/\/www.bookolia.es\/ca\/wp-json\/wp\/v2\/product_tag?post=28203"}],"curies":[{"name":"wp","href":"https:\/\/api.w.org\/{rel}","templated":true}]}}