{"id":28195,"date":"2020-11-04T10:29:53","date_gmt":"2020-11-04T09:29:53","guid":{"rendered":"https:\/\/www.bookolia.es\/libreria\/perruqueria-alegria\/"},"modified":"2020-11-04T10:29:53","modified_gmt":"2020-11-04T09:29:53","slug":"perruqueria-alegria","status":"publish","type":"product","link":"https:\/\/www.bookolia.es\/ca\/libreria\/perruqueria-alegria\/","title":{"rendered":"Perruqueria Alegria"},"content":{"rendered":"<blockquote><p>Un text que parla amb humor sobre com afrontar els problemes i aprendre a donar-los la import\u00e0ncia justa.<\/p><\/blockquote>\n<p>L&#8217;Eduard \u00e9s el perruquer m\u00e9s fam\u00f3s del barri. Tothom que passa per la seva perruqueria surt satisfet, content, feli\u00e7, i \u00e9s que ell \u00e9s l&#8217;amo de la Perruqueria Alegria.<\/p>\n<p>Per\u00f2 ell sospira i sospira&#8230; quin secret amaga? Per les seves tisores passen els personatges m\u00e9s divertits i extravagants, per\u00f2 l&#8217;Eduard no sembla compartir l&#8217;alegria dels seus clients. Fins que un dia alg\u00fa aconsegueix que els seus dies tamb\u00e9 siguin feli\u00e7os.<\/p>\n<p>&nbsp;<\/p>\n","protected":false},"excerpt":{"rendered":"<p>Un text que parla amb humor sobre com afrontar els problemes i aprendre a donar-los la import\u00e0ncia justa. L&#8217;Eduard \u00e9s el perruquer m\u00e9s fam\u00f3s del barri. Tothom que passa per la seva perruqueria surt satisfet, content, feli\u00e7, i \u00e9s que ell \u00e9s l&#8217;amo de la Perruqueria Alegria. Per\u00f2 ell sospira i sospira&#8230; quin secret amaga? [&hellip;]<\/p>\n","protected":false},"featured_media":26271,"template":"","meta":{"_et_pb_use_builder":"","_et_pb_old_content":"","_et_gb_content_width":""},"product_brand":[],"product_cat":[543,548],"product_tag":[563],"class_list":{"0":"post-28195","1":"product","2":"type-product","3":"status-publish","4":"has-post-thumbnail","6":"product_cat-catala","7":"product_cat-ilustrados","8":"product_tag-humor-ca","10":"first","11":"instock","12":"taxable","13":"shipping-taxable","14":"product-type-simple"},"_links":{"self":[{"href":"https:\/\/www.bookolia.es\/ca\/wp-json\/wp\/v2\/product\/28195","targetHints":{"allow":["GET"]}}],"collection":[{"href":"https:\/\/www.bookolia.es\/ca\/wp-json\/wp\/v2\/product"}],"about":[{"href":"https:\/\/www.bookolia.es\/ca\/wp-json\/wp\/v2\/types\/product"}],"wp:featuredmedia":[{"embeddable":true,"href":"https:\/\/www.bookolia.es\/ca\/wp-json\/wp\/v2\/media\/26271"}],"wp:attachment":[{"href":"https:\/\/www.bookolia.es\/ca\/wp-json\/wp\/v2\/media?parent=28195"}],"wp:term":[{"taxonomy":"product_brand","embeddable":true,"href":"https:\/\/www.bookolia.es\/ca\/wp-json\/wp\/v2\/product_brand?post=28195"},{"taxonomy":"product_cat","embeddable":true,"href":"https:\/\/www.bookolia.es\/ca\/wp-json\/wp\/v2\/product_cat?post=28195"},{"taxonomy":"product_tag","embeddable":true,"href":"https:\/\/www.bookolia.es\/ca\/wp-json\/wp\/v2\/product_tag?post=28195"}],"curies":[{"name":"wp","href":"https:\/\/api.w.org\/{rel}","templated":true}]}}