{"id":28194,"date":"2021-02-08T14:15:57","date_gmt":"2021-02-08T13:15:57","guid":{"rendered":"https:\/\/www.bookolia.es\/libreria\/bocabadada\/"},"modified":"2021-02-08T14:15:57","modified_gmt":"2021-02-08T13:15:57","slug":"bocabadada","status":"publish","type":"product","link":"https:\/\/www.bookolia.es\/ca\/libreria\/bocabadada\/","title":{"rendered":"Bocabadada"},"content":{"rendered":"<blockquote><p><strong><i>Un \u00e0lbum que parla de gent gran, de soledat i de l\u2019amor com a b\u00e0lsam contra aix\u00f2.<\/i><\/strong><\/p><\/blockquote>\n<p>La senyora J\u00falia \u00e9s una\u00a0<strong>\u00e0via<\/strong>\u00a0<strong>tendra i entranyable\u00a0<\/strong>que es passa els dies a casa, tota sola, preparant el seu buf\u00f3 vestit per a les festes, per\u00f2 per la seva incre\u00efble capacitat de\u00a0<strong>distracci\u00f3\u00a0<\/strong>no aconsegueix mai enllestir-lo. Aix\u00ed, any rere any, quan arriba l\u2019hora de gaudir-ne, decideix quedar-se a casa i mirar com els altres es diverteixen i llueixen els seus vestits de gala. Ella \u00e9s feli\u00e7 aix\u00ed, en la seva soledat. Enguany, tanmateix, sembla que ser\u00e0 diferent.<\/p>\n<p>Troba aquest llibre a<\/p>\n<p><a href=\"https:\/\/www.todostuslibros.com\/libros\/bocabadada_978-84-18284-17-5\" rel=\"nofollow noopener\" target=\"_blank\"><img loading=\"lazy\" decoding=\"async\" class=\"alignleft wp-image-24780\" src=\"https:\/\/www.bookolia.es\/wp-content\/uploads\/todos-tus-libros-logo-negro.png\" alt=\"Todos tus libros\" width=\"100\" height=\"83\" \/><\/a><\/p>\n<p>&nbsp;<\/p>\n<p>&nbsp;<\/p>\n","protected":false},"excerpt":{"rendered":"<p>Un \u00e0lbum que parla de gent gran, de soledat i de l\u2019amor com a b\u00e0lsam contra aix\u00f2. La senyora J\u00falia \u00e9s una\u00a0\u00e0via\u00a0tendra i entranyable\u00a0que es passa els dies a casa, tota sola, preparant el seu buf\u00f3 vestit per a les festes, per\u00f2 per la seva incre\u00efble capacitat de\u00a0distracci\u00f3\u00a0no aconsegueix mai enllestir-lo. Aix\u00ed, any rere any, [&hellip;]<\/p>\n","protected":false},"featured_media":26289,"template":"","meta":{"_et_pb_use_builder":"","_et_pb_old_content":"","_et_gb_content_width":""},"product_brand":[],"product_cat":[543,549],"product_tag":[],"class_list":{"0":"post-28194","1":"product","2":"type-product","3":"status-publish","4":"has-post-thumbnail","6":"product_cat-catala","7":"product_cat-infantil-ca","9":"first","10":"instock","11":"taxable","12":"shipping-taxable","13":"product-type-simple"},"_links":{"self":[{"href":"https:\/\/www.bookolia.es\/ca\/wp-json\/wp\/v2\/product\/28194","targetHints":{"allow":["GET"]}}],"collection":[{"href":"https:\/\/www.bookolia.es\/ca\/wp-json\/wp\/v2\/product"}],"about":[{"href":"https:\/\/www.bookolia.es\/ca\/wp-json\/wp\/v2\/types\/product"}],"wp:featuredmedia":[{"embeddable":true,"href":"https:\/\/www.bookolia.es\/ca\/wp-json\/wp\/v2\/media\/26289"}],"wp:attachment":[{"href":"https:\/\/www.bookolia.es\/ca\/wp-json\/wp\/v2\/media?parent=28194"}],"wp:term":[{"taxonomy":"product_brand","embeddable":true,"href":"https:\/\/www.bookolia.es\/ca\/wp-json\/wp\/v2\/product_brand?post=28194"},{"taxonomy":"product_cat","embeddable":true,"href":"https:\/\/www.bookolia.es\/ca\/wp-json\/wp\/v2\/product_cat?post=28194"},{"taxonomy":"product_tag","embeddable":true,"href":"https:\/\/www.bookolia.es\/ca\/wp-json\/wp\/v2\/product_tag?post=28194"}],"curies":[{"name":"wp","href":"https:\/\/api.w.org\/{rel}","templated":true}]}}