{"id":28193,"date":"2021-03-17T20:54:50","date_gmt":"2021-03-17T19:54:50","guid":{"rendered":"https:\/\/www.bookolia.es\/libreria\/la-gran-catastrofe\/"},"modified":"2025-06-03T15:44:41","modified_gmt":"2025-06-03T14:44:41","slug":"la-gran-catastrofe","status":"publish","type":"product","link":"https:\/\/www.bookolia.es\/ca\/libreria\/la-gran-catastrofe\/","title":{"rendered":"La gran cat\u00e0strofe"},"content":{"rendered":"<blockquote><p><strong>De vegades, les grans cat\u00e0strofes s\u00f3n m\u00e9s a prop del que pensem<\/strong><\/p><\/blockquote>\n<p>Un seguit d\u2019estranys successos enfonsen la vida d\u2019un nen. Ossos, mofetes, \u00e0ligues, tucans, rinoceronts, cocodrils, girafes, llops\u2026 li fan la vida impossible. Fins que un dia, el terra tremola perqu\u00e8 una gran estampida envaeix casa seva. Rere d\u2019aix\u00f2 hi ha la causa de tanta cat\u00e0strofe\u2026<\/p>\n","protected":false},"excerpt":{"rendered":"<p>De vegades, les grans cat\u00e0strofes s\u00f3n m\u00e9s a prop del que pensem Un seguit d\u2019estranys successos enfonsen la vida d\u2019un nen. Ossos, mofetes, \u00e0ligues, tucans, rinoceronts, cocodrils, girafes, llops\u2026 li fan la vida impossible. Fins que un dia, el terra tremola perqu\u00e8 una gran estampida envaeix casa seva. Rere d\u2019aix\u00f2 hi ha la causa de [&hellip;]<\/p>\n","protected":false},"featured_media":26301,"template":"","meta":{"_et_pb_use_builder":"","_et_pb_old_content":"","_et_gb_content_width":""},"product_brand":[],"product_cat":[543,544,549],"product_tag":[560],"class_list":{"0":"post-28193","1":"product","2":"type-product","3":"status-publish","4":"has-post-thumbnail","6":"product_cat-catala","7":"product_cat-crizal","8":"product_cat-infantil-ca","9":"product_tag-germans","11":"first","12":"instock","13":"taxable","14":"shipping-taxable","15":"product-type-simple"},"_links":{"self":[{"href":"https:\/\/www.bookolia.es\/ca\/wp-json\/wp\/v2\/product\/28193","targetHints":{"allow":["GET"]}}],"collection":[{"href":"https:\/\/www.bookolia.es\/ca\/wp-json\/wp\/v2\/product"}],"about":[{"href":"https:\/\/www.bookolia.es\/ca\/wp-json\/wp\/v2\/types\/product"}],"wp:featuredmedia":[{"embeddable":true,"href":"https:\/\/www.bookolia.es\/ca\/wp-json\/wp\/v2\/media\/26301"}],"wp:attachment":[{"href":"https:\/\/www.bookolia.es\/ca\/wp-json\/wp\/v2\/media?parent=28193"}],"wp:term":[{"taxonomy":"product_brand","embeddable":true,"href":"https:\/\/www.bookolia.es\/ca\/wp-json\/wp\/v2\/product_brand?post=28193"},{"taxonomy":"product_cat","embeddable":true,"href":"https:\/\/www.bookolia.es\/ca\/wp-json\/wp\/v2\/product_cat?post=28193"},{"taxonomy":"product_tag","embeddable":true,"href":"https:\/\/www.bookolia.es\/ca\/wp-json\/wp\/v2\/product_tag?post=28193"}],"curies":[{"name":"wp","href":"https:\/\/api.w.org\/{rel}","templated":true}]}}