{"id":28191,"date":"2021-11-16T14:13:45","date_gmt":"2021-11-16T13:13:45","guid":{"rendered":"https:\/\/www.bookolia.es\/libreria\/el-viatge-den-castor\/"},"modified":"2025-06-03T15:33:50","modified_gmt":"2025-06-03T14:33:50","slug":"el-viatge-den-castor","status":"publish","type":"product","link":"https:\/\/www.bookolia.es\/ca\/libreria\/el-viatge-den-castor\/","title":{"rendered":"El viatge d&#8217;en Castor"},"content":{"rendered":"<blockquote><p>Aquest llibre cont\u00e9 un bosc. Obre les tapes i entra-hi per caminar amb en Castor<br \/>\nal llarg d\u2019un viatge fant\u00e0stic que et portar\u00e0 al m\u00f3n de totes les coses possibles.<\/p><\/blockquote>\n<p>Amb un fort component on\u00edric, l&#8217;\u00e0lbum ens narra el recorregut que realitza Castor a casa del seu avi, un fascinant viatge en qu\u00e8 va observant el que l&#8217;envolta i plantejant preguntes: ens va fent part\u00edcips de l&#8217;encant de la natura i el seu poder generador de vida, ens va desentra-nyant els misteris d&#8217;aquest bosc en el cam\u00ed que porta fins al m\u00f3n de totes les coses possi-bles.<\/p>\n","protected":false},"excerpt":{"rendered":"<p>Aquest llibre cont\u00e9 un bosc. Obre les tapes i entra-hi per caminar amb en Castor al llarg d\u2019un viatge fant\u00e0stic que et portar\u00e0 al m\u00f3n de totes les coses possibles. Amb un fort component on\u00edric, l&#8217;\u00e0lbum ens narra el recorregut que realitza Castor a casa del seu avi, un fascinant viatge en qu\u00e8 va observant [&hellip;]<\/p>\n","protected":false},"featured_media":26343,"template":"","meta":{"_et_pb_use_builder":"","_et_pb_old_content":"","_et_gb_content_width":""},"product_brand":[],"product_cat":[543,544,549],"product_tag":[],"class_list":{"0":"post-28191","1":"product","2":"type-product","3":"status-publish","4":"has-post-thumbnail","6":"product_cat-catala","7":"product_cat-crizal","8":"product_cat-infantil-ca","10":"first","11":"instock","12":"taxable","13":"shipping-taxable","14":"product-type-simple"},"_links":{"self":[{"href":"https:\/\/www.bookolia.es\/ca\/wp-json\/wp\/v2\/product\/28191","targetHints":{"allow":["GET"]}}],"collection":[{"href":"https:\/\/www.bookolia.es\/ca\/wp-json\/wp\/v2\/product"}],"about":[{"href":"https:\/\/www.bookolia.es\/ca\/wp-json\/wp\/v2\/types\/product"}],"wp:featuredmedia":[{"embeddable":true,"href":"https:\/\/www.bookolia.es\/ca\/wp-json\/wp\/v2\/media\/26343"}],"wp:attachment":[{"href":"https:\/\/www.bookolia.es\/ca\/wp-json\/wp\/v2\/media?parent=28191"}],"wp:term":[{"taxonomy":"product_brand","embeddable":true,"href":"https:\/\/www.bookolia.es\/ca\/wp-json\/wp\/v2\/product_brand?post=28191"},{"taxonomy":"product_cat","embeddable":true,"href":"https:\/\/www.bookolia.es\/ca\/wp-json\/wp\/v2\/product_cat?post=28191"},{"taxonomy":"product_tag","embeddable":true,"href":"https:\/\/www.bookolia.es\/ca\/wp-json\/wp\/v2\/product_tag?post=28191"}],"curies":[{"name":"wp","href":"https:\/\/api.w.org\/{rel}","templated":true}]}}