{"id":28190,"date":"2022-08-24T12:02:19","date_gmt":"2022-08-24T11:02:19","guid":{"rendered":"https:\/\/www.bookolia.es\/libreria\/la-millor-mascota-del-mon\/"},"modified":"2025-06-03T18:37:53","modified_gmt":"2025-06-03T17:37:53","slug":"la-millor-mascota-del-mon","status":"publish","type":"product","link":"https:\/\/www.bookolia.es\/ca\/libreria\/la-millor-mascota-del-mon\/","title":{"rendered":"La millor mascota del m\u00f3n"},"content":{"rendered":"<blockquote><p>Un passeig per la ciutat fins arribar a un parc, una conversa entre dues amigues sobre les extraordin\u00e0ries qualitats d\u2019un caragol, la millor mascota del m\u00f3n.<\/p><\/blockquote>\n<p><em>La millor mascota del m\u00f3n<\/em> ens parla de l\u2019amor per les petites coses i del poder transformador de la mirada dels nens. Arianna Squilloni crea una bonica hist\u00f2ria amb un breu i senzill di\u00e0leg entre dues amigues: una, de m\u00e9s somiadora que s\u2019ha enamorat d\u2019un petit caragol, la millor mascota del m\u00f3n, l\u2019altra, de m\u00e9s anal\u00edtica; la primera dona una visi\u00f3 hiperb\u00f2lica de l\u2019animal\u00f3, la segona aporta dades reals que el situen en el seu lloc en el m\u00f3n. Un \u00e0lbum de ficci\u00f3 amb tocs d\u2019\u00e0lbum informatiu.<\/p>\n<p>Un llibre que tracta l\u2019amistat i la llibertat com a dons extraordinaris.<\/p>\n","protected":false},"excerpt":{"rendered":"<p>Un passeig per la ciutat fins arribar a un parc, una conversa entre dues amigues sobre les extraordin\u00e0ries qualitats d\u2019un caragol, la millor mascota del m\u00f3n. La millor mascota del m\u00f3n ens parla de l\u2019amor per les petites coses i del poder transformador de la mirada dels nens. Arianna Squilloni crea una bonica hist\u00f2ria amb [&hellip;]<\/p>\n","protected":false},"featured_media":26388,"template":"","meta":{"_et_pb_use_builder":"","_et_pb_old_content":"","_et_gb_content_width":""},"product_brand":[],"product_cat":[542,543],"product_tag":[558],"class_list":{"0":"post-28190","1":"product","2":"type-product","3":"status-publish","4":"has-post-thumbnail","6":"product_cat-alfeizar-ca","7":"product_cat-catala","8":"product_tag-amistat","10":"first","11":"instock","12":"taxable","13":"shipping-taxable","14":"product-type-simple"},"_links":{"self":[{"href":"https:\/\/www.bookolia.es\/ca\/wp-json\/wp\/v2\/product\/28190","targetHints":{"allow":["GET"]}}],"collection":[{"href":"https:\/\/www.bookolia.es\/ca\/wp-json\/wp\/v2\/product"}],"about":[{"href":"https:\/\/www.bookolia.es\/ca\/wp-json\/wp\/v2\/types\/product"}],"wp:featuredmedia":[{"embeddable":true,"href":"https:\/\/www.bookolia.es\/ca\/wp-json\/wp\/v2\/media\/26388"}],"wp:attachment":[{"href":"https:\/\/www.bookolia.es\/ca\/wp-json\/wp\/v2\/media?parent=28190"}],"wp:term":[{"taxonomy":"product_brand","embeddable":true,"href":"https:\/\/www.bookolia.es\/ca\/wp-json\/wp\/v2\/product_brand?post=28190"},{"taxonomy":"product_cat","embeddable":true,"href":"https:\/\/www.bookolia.es\/ca\/wp-json\/wp\/v2\/product_cat?post=28190"},{"taxonomy":"product_tag","embeddable":true,"href":"https:\/\/www.bookolia.es\/ca\/wp-json\/wp\/v2\/product_tag?post=28190"}],"curies":[{"name":"wp","href":"https:\/\/api.w.org\/{rel}","templated":true}]}}