{"id":28189,"date":"2022-09-01T09:50:29","date_gmt":"2022-09-01T08:50:29","guid":{"rendered":"https:\/\/www.bookolia.es\/libreria\/mil-histories-a-la-pell\/"},"modified":"2025-06-03T15:28:18","modified_gmt":"2025-06-03T14:28:18","slug":"mil-histories-a-la-pell","status":"publish","type":"product","link":"https:\/\/www.bookolia.es\/ca\/libreria\/mil-histories-a-la-pell\/","title":{"rendered":"Mil hist\u00f2ries a la pell"},"content":{"rendered":"<blockquote><p>El secret de l\u2019home tatuat \u00e9s que la seva pell sempre t\u00e9 una hist\u00f2ria per explicar.<\/p>\n<p>De vegades, s\u00f3n les mateixes hist\u00f2ries.\u00a0De vegades, les hist\u00f2ries canvien.\u00a0De vegades, el que canvia s\u00f3n els dibuixos.<\/p><\/blockquote>\n<p>Passejar pel parc sempre \u00e9s una del\u00edcia. Es poden fer molt\u00edssimes coses. Una de les m\u00e9s divertides \u00e9s visitar l\u2019home tatuat, que amaga a la pell les hist\u00f2ries m\u00e9s incre\u00efbles.<\/p>\n<p>Marina Aguirre i Concha Pasamar construeixen un \u00e0lbum espectacular ambientat en el principi del passat segle xx, carregat de fantasia i imaginaci\u00f3, on cada un dels m\u00faltiples dibuixos de l\u2019home tatuat narra hist\u00f2ries incre\u00efbles a cadascuna de les persones que s\u2019amunteguen al voltant seu.<\/p>\n","protected":false},"excerpt":{"rendered":"<p>El secret de l\u2019home tatuat \u00e9s que la seva pell sempre t\u00e9 una hist\u00f2ria per explicar. De vegades, s\u00f3n les mateixes hist\u00f2ries.\u00a0De vegades, les hist\u00f2ries canvien.\u00a0De vegades, el que canvia s\u00f3n els dibuixos. Passejar pel parc sempre \u00e9s una del\u00edcia. Es poden fer molt\u00edssimes coses. Una de les m\u00e9s divertides \u00e9s visitar l\u2019home tatuat, que [&hellip;]<\/p>\n","protected":false},"featured_media":26402,"template":"","meta":{"_et_pb_use_builder":"","_et_pb_old_content":"","_et_gb_content_width":""},"product_brand":[],"product_cat":[543,544],"product_tag":[],"class_list":{"0":"post-28189","1":"product","2":"type-product","3":"status-publish","4":"has-post-thumbnail","6":"product_cat-catala","7":"product_cat-crizal","9":"first","10":"instock","11":"taxable","12":"shipping-taxable","13":"product-type-simple"},"_links":{"self":[{"href":"https:\/\/www.bookolia.es\/ca\/wp-json\/wp\/v2\/product\/28189","targetHints":{"allow":["GET"]}}],"collection":[{"href":"https:\/\/www.bookolia.es\/ca\/wp-json\/wp\/v2\/product"}],"about":[{"href":"https:\/\/www.bookolia.es\/ca\/wp-json\/wp\/v2\/types\/product"}],"wp:featuredmedia":[{"embeddable":true,"href":"https:\/\/www.bookolia.es\/ca\/wp-json\/wp\/v2\/media\/26402"}],"wp:attachment":[{"href":"https:\/\/www.bookolia.es\/ca\/wp-json\/wp\/v2\/media?parent=28189"}],"wp:term":[{"taxonomy":"product_brand","embeddable":true,"href":"https:\/\/www.bookolia.es\/ca\/wp-json\/wp\/v2\/product_brand?post=28189"},{"taxonomy":"product_cat","embeddable":true,"href":"https:\/\/www.bookolia.es\/ca\/wp-json\/wp\/v2\/product_cat?post=28189"},{"taxonomy":"product_tag","embeddable":true,"href":"https:\/\/www.bookolia.es\/ca\/wp-json\/wp\/v2\/product_tag?post=28189"}],"curies":[{"name":"wp","href":"https:\/\/api.w.org\/{rel}","templated":true}]}}