{"id":28187,"date":"2022-09-01T10:10:05","date_gmt":"2022-09-01T09:10:05","guid":{"rendered":"https:\/\/www.bookolia.es\/libreria\/em-dones-la-teva-paraula\/"},"modified":"2022-09-01T10:10:05","modified_gmt":"2022-09-01T09:10:05","slug":"em-dones-la-teva-paraula","status":"publish","type":"product","link":"https:\/\/www.bookolia.es\/ca\/libreria\/em-dones-la-teva-paraula\/","title":{"rendered":"Em dones la teva paraula?"},"content":{"rendered":"<blockquote><p>Quant pesa la paraula donada? El nostre petit protagonista divaga sobre la import\u00e0ncia de les paraules i el comprom\u00eds en aquest meravell\u00f3s \u00e0lbum<\/p><\/blockquote>\n<p>Les paraules s\u00f3n importants, important\u00edssimes: les paraules guareixen, les paraules fereixen, les paraules alegren i entristeixen, algunes espanten i d\u2019altres calmen. Donar la paraula no \u00e9s f\u00fatil, i aix\u00f2 li passa a en Teo quan \u00e9s conscient de la import\u00e0ncia de la paraula donada. Ser\u00e0 capa\u00e7 de complir-la? L\u2019escriptora Marisa L\u00f3pez Soria centra aquest \u00e0lbum en la transcend\u00e8ncia de complir amb el que s\u2019ha dit i en la responsabilitat que assumim amb els compromisos adquirits.<\/p>\n","protected":false},"excerpt":{"rendered":"<p>Quant pesa la paraula donada? El nostre petit protagonista divaga sobre la import\u00e0ncia de les paraules i el comprom\u00eds en aquest meravell\u00f3s \u00e0lbum Les paraules s\u00f3n importants, important\u00edssimes: les paraules guareixen, les paraules fereixen, les paraules alegren i entristeixen, algunes espanten i d\u2019altres calmen. Donar la paraula no \u00e9s f\u00fatil, i aix\u00f2 li passa a [&hellip;]<\/p>\n","protected":false},"featured_media":26421,"template":"","meta":{"_et_pb_use_builder":"","_et_pb_old_content":"","_et_gb_content_width":""},"product_brand":[],"product_cat":[543,548],"product_tag":[],"class_list":{"0":"post-28187","1":"product","2":"type-product","3":"status-publish","4":"has-post-thumbnail","6":"product_cat-catala","7":"product_cat-ilustrados","9":"first","10":"instock","11":"taxable","12":"shipping-taxable","13":"product-type-simple"},"_links":{"self":[{"href":"https:\/\/www.bookolia.es\/ca\/wp-json\/wp\/v2\/product\/28187","targetHints":{"allow":["GET"]}}],"collection":[{"href":"https:\/\/www.bookolia.es\/ca\/wp-json\/wp\/v2\/product"}],"about":[{"href":"https:\/\/www.bookolia.es\/ca\/wp-json\/wp\/v2\/types\/product"}],"wp:featuredmedia":[{"embeddable":true,"href":"https:\/\/www.bookolia.es\/ca\/wp-json\/wp\/v2\/media\/26421"}],"wp:attachment":[{"href":"https:\/\/www.bookolia.es\/ca\/wp-json\/wp\/v2\/media?parent=28187"}],"wp:term":[{"taxonomy":"product_brand","embeddable":true,"href":"https:\/\/www.bookolia.es\/ca\/wp-json\/wp\/v2\/product_brand?post=28187"},{"taxonomy":"product_cat","embeddable":true,"href":"https:\/\/www.bookolia.es\/ca\/wp-json\/wp\/v2\/product_cat?post=28187"},{"taxonomy":"product_tag","embeddable":true,"href":"https:\/\/www.bookolia.es\/ca\/wp-json\/wp\/v2\/product_tag?post=28187"}],"curies":[{"name":"wp","href":"https:\/\/api.w.org\/{rel}","templated":true}]}}