{"id":28179,"date":"2022-09-01T11:28:04","date_gmt":"2022-09-01T10:28:04","guid":{"rendered":"https:\/\/www.bookolia.es\/libreria\/llum\/"},"modified":"2022-09-01T11:28:04","modified_gmt":"2022-09-01T09:28:04","slug":"llum","status":"publish","type":"product","link":"https:\/\/www.bookolia.es\/ca\/libreria\/llum\/","title":{"rendered":"Llum"},"content":{"rendered":"<blockquote><p>La nit i la foscor tenen coses sorprenentment meravelloses, t&#8217;atreveixes a descobrir-les?<\/p><\/blockquote>\n<p>A la Llum li fa por la foscor. Durant el dia, veu tot el que l\u2019envolta i pot jugar amb els colors i els reflexos. De nit, en canvi, tot est\u00e0 fosc&#8230;<\/p>\n<p>Tanmateix, un dia s\u2019adona que, si enc\u00e9n el seu llumet, comen\u00e7a a veure els contorns de la seva habitaci\u00f3&#8230; i aquest nom\u00e9s \u00e9s el principi! En sortir a fora, s\u2019adonar\u00e0 que la nit est\u00e0 plena de cuques de llum que dibuixen quadres i fanals que creen constel\u00b7lacions a la mateixa ciutat. Sembla que tamb\u00e9 es pot jugar amb la foscor!<\/p>\n","protected":false},"excerpt":{"rendered":"<p>La nit i la foscor tenen coses sorprenentment meravelloses, t&#8217;atreveixes a descobrir-les? A la Llum li fa por la foscor. Durant el dia, veu tot el que l\u2019envolta i pot jugar amb els colors i els reflexos. De nit, en canvi, tot est\u00e0 fosc&#8230; Tanmateix, un dia s\u2019adona que, si enc\u00e9n el seu llumet, comen\u00e7a [&hellip;]<\/p>\n","protected":false},"featured_media":26422,"template":"","meta":{"_et_pb_use_builder":"","_et_pb_old_content":"","_et_gb_content_width":""},"product_brand":[],"product_cat":[548,543],"product_tag":[575,576,577,578,579,580,581,582],"class_list":{"0":"post-28179","1":"product","2":"type-product","3":"status-publish","4":"has-post-thumbnail","6":"product_cat-ilustrados","7":"product_cat-catala","8":"product_tag-cielo-ca","9":"product_tag-constelaciones-ca","10":"product_tag-imaginacion-ca","11":"product_tag-luz-ca","12":"product_tag-miedos-ca","13":"product_tag-noche-ca","14":"product_tag-oscuridad-ca","15":"product_tag-resolucion-de-problemas-ca","17":"first","18":"instock","19":"taxable","20":"shipping-taxable","21":"product-type-simple"},"_links":{"self":[{"href":"https:\/\/www.bookolia.es\/ca\/wp-json\/wp\/v2\/product\/28179","targetHints":{"allow":["GET"]}}],"collection":[{"href":"https:\/\/www.bookolia.es\/ca\/wp-json\/wp\/v2\/product"}],"about":[{"href":"https:\/\/www.bookolia.es\/ca\/wp-json\/wp\/v2\/types\/product"}],"wp:featuredmedia":[{"embeddable":true,"href":"https:\/\/www.bookolia.es\/ca\/wp-json\/wp\/v2\/media\/26422"}],"wp:attachment":[{"href":"https:\/\/www.bookolia.es\/ca\/wp-json\/wp\/v2\/media?parent=28179"}],"wp:term":[{"taxonomy":"product_brand","embeddable":true,"href":"https:\/\/www.bookolia.es\/ca\/wp-json\/wp\/v2\/product_brand?post=28179"},{"taxonomy":"product_cat","embeddable":true,"href":"https:\/\/www.bookolia.es\/ca\/wp-json\/wp\/v2\/product_cat?post=28179"},{"taxonomy":"product_tag","embeddable":true,"href":"https:\/\/www.bookolia.es\/ca\/wp-json\/wp\/v2\/product_tag?post=28179"}],"curies":[{"name":"wp","href":"https:\/\/api.w.org\/{rel}","templated":true}]}}