{"id":28160,"date":"2024-04-29T14:37:22","date_gmt":"2024-04-29T13:37:22","guid":{"rendered":"https:\/\/www.bookolia.es\/libreria\/a-nedar-a-nedar\/"},"modified":"2026-03-01T18:42:22","modified_gmt":"2026-03-01T17:42:22","slug":"a-nedar-a-nedar","status":"publish","type":"product","link":"https:\/\/www.bookolia.es\/ca\/libreria\/a-nedar-a-nedar\/","title":{"rendered":"A nedar, a nedar!"},"content":{"rendered":"<blockquote><p>\u00a0Al mar no importa com sigui cadasc\u00fa, tots volen nedar i fruir junts siguin com siguin.<\/p><\/blockquote>\n<div class=\"sinopsisHTML\">\n<p>Llibre de cartr\u00f3 on els m\u00e9s petits observaran diversos animals marins elaborats en colors lluminosos fets amb l\u2019art de la papirofl\u00e8xia. Un text senzill que parla de l\u2019amistat i del respecte a la diversitat.<\/p>\n<\/div>\n<p>&nbsp;<\/p>\n","protected":false},"excerpt":{"rendered":"<p>\u00a0Al mar no importa com sigui cadasc\u00fa, tots volen nedar i fruir junts siguin com siguin. Llibre de cartr\u00f3 on els m\u00e9s petits observaran diversos animals marins elaborats en colors lluminosos fets amb l\u2019art de la papirofl\u00e8xia. Un text senzill que parla de l\u2019amistat i del respecte a la diversitat. &nbsp;<\/p>\n","protected":false},"featured_media":26557,"template":"","meta":{"_et_pb_use_builder":"","_et_pb_old_content":"","_et_gb_content_width":""},"product_brand":[],"product_cat":[543,549,555],"product_tag":[697,698,699,700,701],"class_list":{"0":"post-28160","1":"product","2":"type-product","3":"status-publish","4":"has-post-thumbnail","6":"product_cat-catala","7":"product_cat-infantil-ca","8":"product_cat-plegaditos-ca","9":"product_tag-colleccio-plegaditos-bookolia-per-a-nadons","10":"product_tag-contes-danimals-en-origami-per-a-nens","11":"product_tag-llibres-infantils-sobre-rutines-diaries","12":"product_tag-llibres-sensorials-i-visuals-per-a-1-2-anys","13":"product_tag-primers-llibres-de-cartro-per-a-nadons","15":"first","16":"instock","17":"taxable","18":"shipping-taxable","19":"product-type-simple"},"_links":{"self":[{"href":"https:\/\/www.bookolia.es\/ca\/wp-json\/wp\/v2\/product\/28160","targetHints":{"allow":["GET"]}}],"collection":[{"href":"https:\/\/www.bookolia.es\/ca\/wp-json\/wp\/v2\/product"}],"about":[{"href":"https:\/\/www.bookolia.es\/ca\/wp-json\/wp\/v2\/types\/product"}],"wp:featuredmedia":[{"embeddable":true,"href":"https:\/\/www.bookolia.es\/ca\/wp-json\/wp\/v2\/media\/26557"}],"wp:attachment":[{"href":"https:\/\/www.bookolia.es\/ca\/wp-json\/wp\/v2\/media?parent=28160"}],"wp:term":[{"taxonomy":"product_brand","embeddable":true,"href":"https:\/\/www.bookolia.es\/ca\/wp-json\/wp\/v2\/product_brand?post=28160"},{"taxonomy":"product_cat","embeddable":true,"href":"https:\/\/www.bookolia.es\/ca\/wp-json\/wp\/v2\/product_cat?post=28160"},{"taxonomy":"product_tag","embeddable":true,"href":"https:\/\/www.bookolia.es\/ca\/wp-json\/wp\/v2\/product_tag?post=28160"}],"curies":[{"name":"wp","href":"https:\/\/api.w.org\/{rel}","templated":true}]}}