{"id":28159,"date":"2024-10-21T13:30:11","date_gmt":"2024-10-21T12:30:11","guid":{"rendered":"https:\/\/www.bookolia.es\/libreria\/caragol-rocanrol\/"},"modified":"2025-05-28T12:05:49","modified_gmt":"2025-05-28T11:05:49","slug":"caragol-rocanrol","status":"publish","type":"product","link":"https:\/\/www.bookolia.es\/ca\/libreria\/caragol-rocanrol\/","title":{"rendered":"Caragol rocanrol"},"content":{"rendered":"<blockquote><p><strong>Un \u00e0lbum divertit i rebel, contra les rutines i la monotonia.<\/strong><\/p><\/blockquote>\n<div class=\"sinopsisHTML\">\n<p>Un altre cop el duet Rafa Ord\u00f3\u00f1ez i Jos\u00e9 Fragoso creen una hist\u00f2ria plena de diversi\u00f3, en qu\u00e8 un caragol, despr\u00e9s de marxar de la seva ciutat i de rec\u00f3rrer m\u00f3n, torna a casa i transforma tota la comunitat que l\u2019envolta. Perqu\u00e8 s\u00ed, clar, cal treballar i esfor\u00e7ar-se, per\u00f2 tamb\u00e9 hem de saber fruir els plaers de la vida. Una hist\u00f2ria divertida i molt rockera perqu\u00e8 s\u2019ho passin b\u00e9 els m\u00e9s petits.<\/p>\n<\/div>\n<p>&nbsp;<\/p>\n","protected":false},"excerpt":{"rendered":"<p>Un \u00e0lbum divertit i rebel, contra les rutines i la monotonia. Un altre cop el duet Rafa Ord\u00f3\u00f1ez i Jos\u00e9 Fragoso creen una hist\u00f2ria plena de diversi\u00f3, en qu\u00e8 un caragol, despr\u00e9s de marxar de la seva ciutat i de rec\u00f3rrer m\u00f3n, torna a casa i transforma tota la comunitat que l\u2019envolta. Perqu\u00e8 s\u00ed, clar, [&hellip;]<\/p>\n","protected":false},"featured_media":26569,"template":"","meta":{"_et_pb_use_builder":"","_et_pb_old_content":"","_et_gb_content_width":""},"product_brand":[],"product_cat":[543,548,549],"product_tag":[563],"class_list":{"0":"post-28159","1":"product","2":"type-product","3":"status-publish","4":"has-post-thumbnail","6":"product_cat-catala","7":"product_cat-ilustrados","8":"product_cat-infantil-ca","9":"product_tag-humor-ca","11":"first","12":"instock","13":"taxable","14":"shipping-taxable","15":"product-type-simple"},"_links":{"self":[{"href":"https:\/\/www.bookolia.es\/ca\/wp-json\/wp\/v2\/product\/28159","targetHints":{"allow":["GET"]}}],"collection":[{"href":"https:\/\/www.bookolia.es\/ca\/wp-json\/wp\/v2\/product"}],"about":[{"href":"https:\/\/www.bookolia.es\/ca\/wp-json\/wp\/v2\/types\/product"}],"wp:featuredmedia":[{"embeddable":true,"href":"https:\/\/www.bookolia.es\/ca\/wp-json\/wp\/v2\/media\/26569"}],"wp:attachment":[{"href":"https:\/\/www.bookolia.es\/ca\/wp-json\/wp\/v2\/media?parent=28159"}],"wp:term":[{"taxonomy":"product_brand","embeddable":true,"href":"https:\/\/www.bookolia.es\/ca\/wp-json\/wp\/v2\/product_brand?post=28159"},{"taxonomy":"product_cat","embeddable":true,"href":"https:\/\/www.bookolia.es\/ca\/wp-json\/wp\/v2\/product_cat?post=28159"},{"taxonomy":"product_tag","embeddable":true,"href":"https:\/\/www.bookolia.es\/ca\/wp-json\/wp\/v2\/product_tag?post=28159"}],"curies":[{"name":"wp","href":"https:\/\/api.w.org\/{rel}","templated":true}]}}