{"id":28157,"date":"2024-10-26T10:41:23","date_gmt":"2024-10-26T09:41:23","guid":{"rendered":"https:\/\/www.bookolia.es\/libreria\/un-regal-d-hivern\/"},"modified":"2025-05-28T11:23:36","modified_gmt":"2025-05-28T10:23:36","slug":"un-regal-d-hivern","status":"publish","type":"product","link":"https:\/\/www.bookolia.es\/ca\/libreria\/un-regal-d-hivern\/","title":{"rendered":"Un regal d&#8217;hivern"},"content":{"rendered":"<blockquote><p><strong><i>Concha Pasamar torna a delectar-nos amb els seus textos carregats de lirisme i les seves preciosistes il\u00b7lustracions, donant continu\u00eftat al seu &#8220;Temps de tardor&#8221;.<\/i><\/strong><\/p><\/blockquote>\n<p>En la rutina d\u2019un dia de col\u00b7legi, el petit protagonista es deleja per tornar a veure nevar. Quan torna a casa, el nen sent que aquell mateix dia, o potser l&#8217;endem\u00e0, arribar\u00e0 la neu. No ho desitgem tots, petits i grans, que el camp, els carrers, les teulades es vesteixin de blanc? Amb aquest pressentiment s\u2019acotxar\u00e0 a la nit. L&#8217;endem\u00e0, tot \u00e9s joc: saltar del llit i despertar la fam\u00edlia, sortir al carrer i quedar-se enlluernat per la resplendor d\u2019aquell mantell blanc que ho cobreix tot.<\/p>\n<p>Com a\u00a0<a href=\"https:\/\/www.bookolia.es\/ca\/libreria\/temps-de-tardor\/\"><em>Temps de tardor<\/em><\/a>, a cada doble p\u00e0gina es tra\u00e7a un delicat recorregut per aquesta estaci\u00f3 de l\u2019any de la m\u00e0 del petit protagonista. A trav\u00e9s dels seus ulls, assaborim les sensacions que porta l\u2019hivern. Concha Pasamar torna a oferir-nos unes il\u00b7lustracions delicades i belles, i a fer-nos vibrar amb un text carregat de lirisme que posa \u00e8mfasi en la senzilla bellesa de la quotidianitat.<\/p>\n<p>&nbsp;<\/p>\n<p>&nbsp;<\/p>\n","protected":false},"excerpt":{"rendered":"<p>Concha Pasamar torna a delectar-nos amb els seus textos carregats de lirisme i les seves preciosistes il\u00b7lustracions, donant continu\u00eftat al seu &#8220;Temps de tardor&#8221;. En la rutina d\u2019un dia de col\u00b7legi, el petit protagonista es deleja per tornar a veure nevar. Quan torna a casa, el nen sent que aquell mateix dia, o potser l&#8217;endem\u00e0, [&hellip;]<\/p>\n","protected":false},"featured_media":26592,"template":"","meta":{"_et_pb_use_builder":"","_et_pb_old_content":"","_et_gb_content_width":""},"product_brand":[],"product_cat":[543,544,551],"product_tag":[],"class_list":{"0":"post-28157","1":"product","2":"type-product","3":"status-publish","4":"has-post-thumbnail","6":"product_cat-catala","7":"product_cat-crizal","8":"product_cat-libro-ilustrado-ca","10":"first","11":"instock","12":"taxable","13":"shipping-taxable","14":"product-type-simple"},"_links":{"self":[{"href":"https:\/\/www.bookolia.es\/ca\/wp-json\/wp\/v2\/product\/28157","targetHints":{"allow":["GET"]}}],"collection":[{"href":"https:\/\/www.bookolia.es\/ca\/wp-json\/wp\/v2\/product"}],"about":[{"href":"https:\/\/www.bookolia.es\/ca\/wp-json\/wp\/v2\/types\/product"}],"wp:featuredmedia":[{"embeddable":true,"href":"https:\/\/www.bookolia.es\/ca\/wp-json\/wp\/v2\/media\/26592"}],"wp:attachment":[{"href":"https:\/\/www.bookolia.es\/ca\/wp-json\/wp\/v2\/media?parent=28157"}],"wp:term":[{"taxonomy":"product_brand","embeddable":true,"href":"https:\/\/www.bookolia.es\/ca\/wp-json\/wp\/v2\/product_brand?post=28157"},{"taxonomy":"product_cat","embeddable":true,"href":"https:\/\/www.bookolia.es\/ca\/wp-json\/wp\/v2\/product_cat?post=28157"},{"taxonomy":"product_tag","embeddable":true,"href":"https:\/\/www.bookolia.es\/ca\/wp-json\/wp\/v2\/product_tag?post=28157"}],"curies":[{"name":"wp","href":"https:\/\/api.w.org\/{rel}","templated":true}]}}