{"id":28115,"date":"2025-03-13T11:36:16","date_gmt":"2025-03-13T10:36:16","guid":{"rendered":"https:\/\/www.bookolia.es\/libreria\/abans-tot-aixo-era-camp\/"},"modified":"2025-05-28T10:48:19","modified_gmt":"2025-05-28T09:48:19","slug":"abans-tot-aixo-era-camp","status":"publish","type":"product","link":"https:\/\/www.bookolia.es\/ca\/libreria\/abans-tot-aixo-era-camp\/","title":{"rendered":"Abans tot aix\u00f2 era camp"},"content":{"rendered":"<blockquote><p>Adri\u00e1n Cordellat ens invita a un recorregut nost\u00e0lgic per la infantesa de la darrera generaci\u00f3 anal\u00f2gica.<\/p><\/blockquote>\n<p>Un viatge familiar a la casa dels avis a la costa es transforma en un retorn a la infantesa del pare. Mentre passegen pel poble van recordant com era la vida fa uns anys, com el ciment i el totxo ha canviat el paisatge i la vida de tota la gent que hi vivia. Un \u00e0lbum que parla amb nost\u00e0lgia d\u2019una altra generaci\u00f3 i d\u2019una altra forma d\u2019entendre les relacions humanes.<\/p>\n","protected":false},"excerpt":{"rendered":"<p>Adri\u00e1n Cordellat ens invita a un recorregut nost\u00e0lgic per la infantesa de la darrera generaci\u00f3 anal\u00f2gica. Un viatge familiar a la casa dels avis a la costa es transforma en un retorn a la infantesa del pare. Mentre passegen pel poble van recordant com era la vida fa uns anys, com el ciment i el [&hellip;]<\/p>\n","protected":false},"featured_media":28237,"template":"","meta":{"_et_pb_use_builder":"","_et_pb_old_content":"","_et_gb_content_width":""},"product_brand":[],"product_cat":[543,544,549],"product_tag":[],"class_list":{"0":"post-28115","1":"product","2":"type-product","3":"status-publish","4":"has-post-thumbnail","6":"product_cat-catala","7":"product_cat-crizal","8":"product_cat-infantil-ca","10":"first","11":"instock","12":"taxable","13":"shipping-taxable","14":"product-type-simple"},"_links":{"self":[{"href":"https:\/\/www.bookolia.es\/ca\/wp-json\/wp\/v2\/product\/28115","targetHints":{"allow":["GET"]}}],"collection":[{"href":"https:\/\/www.bookolia.es\/ca\/wp-json\/wp\/v2\/product"}],"about":[{"href":"https:\/\/www.bookolia.es\/ca\/wp-json\/wp\/v2\/types\/product"}],"wp:featuredmedia":[{"embeddable":true,"href":"https:\/\/www.bookolia.es\/ca\/wp-json\/wp\/v2\/media\/28237"}],"wp:attachment":[{"href":"https:\/\/www.bookolia.es\/ca\/wp-json\/wp\/v2\/media?parent=28115"}],"wp:term":[{"taxonomy":"product_brand","embeddable":true,"href":"https:\/\/www.bookolia.es\/ca\/wp-json\/wp\/v2\/product_brand?post=28115"},{"taxonomy":"product_cat","embeddable":true,"href":"https:\/\/www.bookolia.es\/ca\/wp-json\/wp\/v2\/product_cat?post=28115"},{"taxonomy":"product_tag","embeddable":true,"href":"https:\/\/www.bookolia.es\/ca\/wp-json\/wp\/v2\/product_tag?post=28115"}],"curies":[{"name":"wp","href":"https:\/\/api.w.org\/{rel}","templated":true}]}}