{"id":27637,"date":"2015-12-07T16:50:08","date_gmt":"2015-12-07T15:50:08","guid":{"rendered":"https:\/\/www.bookolia.es\/distribucion\/"},"modified":"2025-04-03T15:57:39","modified_gmt":"2025-04-03T14:57:39","slug":"distribucio","status":"publish","type":"page","link":"https:\/\/www.bookolia.es\/ca\/distribucio\/","title":{"rendered":"Distribuci\u00f3"},"content":{"rendered":"<p>[et_pb_section fb_built=&#8221;1&#8243; _builder_version=&#8221;4.27.4&#8243; _module_preset=&#8221;default&#8221; background_color=&#8221;rgba(0,166,182,0.05)&#8221; background_enable_pattern_style=&#8221;on&#8221; background_pattern_style=&#8221;confetti&#8221; background_pattern_color=&#8221;rgba(0,166,182,0.05)&#8221; global_colors_info=&#8221;{}&#8221;][et_pb_row column_structure=&#8221;1_2,1_2&#8243; _builder_version=&#8221;4.27.4&#8243; _module_preset=&#8221;default&#8221; max_width=&#8221;1400px&#8221; global_colors_info=&#8221;{}&#8221;][et_pb_column type=&#8221;1_2&#8243; _builder_version=&#8221;4.27.4&#8243; _module_preset=&#8221;default&#8221; background_color=&#8221;#FFFFFF&#8221; custom_padding=&#8221;30px|30px|30px|30px|true|true&#8221; border_radii=&#8221;on|3px|3px|3px|3px&#8221; box_shadow_style=&#8221;preset1&#8243; box_shadow_color=&#8221;rgba(0,166,182,0.2)&#8221; global_colors_info=&#8221;{}&#8221;][et_pb_text _builder_version=&#8221;4.27.4&#8243; _module_preset=&#8221;default&#8221; header_2_text_align=&#8221;center&#8221; header_2_text_color=&#8221;#00a6b6&#8243; header_2_font_size=&#8221;36px&#8221; global_colors_info=&#8221;{}&#8221;]<\/p>\n<h2>Nacional<\/h2>\n<p>[\/et_pb_text][et_pb_blurb title=&#8221;UDL Llibres&#8221; use_icon=&#8221;on&#8221; font_icon=&#8221;&#xe081;||divi||400&#8243; icon_placement=&#8221;left&#8221; image_icon_width=&#8221;34px&#8221; icon_placement_tablet=&#8221;top&#8221; icon_placement_phone=&#8221;top&#8221; icon_placement_last_edited=&#8221;on|tablet&#8221; _builder_version=&#8221;4.27.4&#8243; _module_preset=&#8221;default&#8221; header_level=&#8221;h3&#8243; header_line_height=&#8221;1.4em&#8221; custom_padding=&#8221;||30px||false|false&#8221; text_orientation_tablet=&#8221;center&#8221; text_orientation_phone=&#8221;center&#8221; text_orientation_last_edited=&#8221;on|tablet&#8221; border_width_bottom=&#8221;1px&#8221; border_color_bottom=&#8221;#00a6b6&#8243; global_colors_info=&#8221;{}&#8221;]<\/p>\n<p>Avda. del Acero, 4<br \/>Pol\u00edgono Industrial Miralcampo (Salida 38 A2)<br \/>19200 Azuqueca de Henares, Guadalajara (Espa\u00f1a)<\/p>\n<p>+34 949 267 648<br \/><a href=\"mailto:info@udllibros.com\">info@udllibros.com<\/a><br \/>http:\/\/www.udllibros.com\/<\/p>\n<p>[\/et_pb_blurb][et_pb_blurb title=&#8221;Gal\u00edcia&#8221; use_icon=&#8221;on&#8221; font_icon=&#8221;&#xe081;||divi||400&#8243; icon_placement=&#8221;left&#8221; image_icon_width=&#8221;34px&#8221; icon_placement_tablet=&#8221;top&#8221; icon_placement_phone=&#8221;top&#8221; icon_placement_last_edited=&#8221;on|tablet&#8221; _builder_version=&#8221;4.27.4&#8243; _module_preset=&#8221;default&#8221; header_level=&#8221;h3&#8243; header_line_height=&#8221;1.4em&#8221; custom_padding=&#8221;||30px||false|false&#8221; text_orientation_tablet=&#8221;center&#8221; text_orientation_phone=&#8221;center&#8221; text_orientation_last_edited=&#8221;on|tablet&#8221; border_width_bottom=&#8221;1px&#8221; border_color_bottom=&#8221;#00a6b6&#8243; global_colors_info=&#8221;{}&#8221;]<\/p>\n<p>Modesto Alonso Estravis Distribuidora S.L<\/p>\n<p>V\u00eda Faraday, 41 Bis Pol. Ind. Del Tambre<br \/>Aptdo. 1001, 15890 Santiago de Compostela<\/p>\n<p>+34 981 588 600<br \/>+34 981 589 111<br \/><a href=\"mailto:alonsolibros@alonsolibros.e.telefonica.net\">alonsolibros@alonsolibros.e.telefonica.net<\/a><br \/>Contacto: Juan Regueiro<\/p>\n<p>[\/et_pb_blurb][et_pb_blurb title=&#8221;Castella i Lle\u00f3&#8221; use_icon=&#8221;on&#8221; font_icon=&#8221;&#xe081;||divi||400&#8243; icon_placement=&#8221;left&#8221; image_icon_width=&#8221;34px&#8221; icon_placement_tablet=&#8221;top&#8221; icon_placement_phone=&#8221;top&#8221; icon_placement_last_edited=&#8221;on|tablet&#8221; _builder_version=&#8221;4.27.4&#8243; _module_preset=&#8221;default&#8221; header_level=&#8221;h3&#8243; header_line_height=&#8221;1.4em&#8221; custom_padding=&#8221;||30px||false|false&#8221; text_orientation_tablet=&#8221;center&#8221; text_orientation_phone=&#8221;center&#8221; text_orientation_last_edited=&#8221;on|tablet&#8221; border_width_bottom=&#8221;1px&#8221; border_color_bottom=&#8221;#00a6b6&#8243; global_colors_info=&#8221;{}&#8221;]<\/p>\n<p>Lidiza Distribuidora<\/p>\n<p>La Cisterniga.<br \/>AV. de Soria 15<br \/>47193 Valladolid<\/p>\n<p>983403060<br \/>pedidos@lidiza.es<br \/><a href=\"http:\/\/www.lidiza.es\" rel=\"nofollow noopener\" target=\"_blank\">http:\/\/www.lidiza.es<\/a><\/p>\n<p>[\/et_pb_blurb][et_pb_blurb title=&#8221;Andalusia i Extremadura&#8221; use_icon=&#8221;on&#8221; font_icon=&#8221;&#xe081;||divi||400&#8243; icon_placement=&#8221;left&#8221; image_icon_width=&#8221;34px&#8221; icon_placement_tablet=&#8221;top&#8221; icon_placement_phone=&#8221;top&#8221; icon_placement_last_edited=&#8221;on|tablet&#8221; _builder_version=&#8221;4.27.4&#8243; _module_preset=&#8221;default&#8221; header_level=&#8221;h3&#8243; header_line_height=&#8221;1.4em&#8221; custom_padding=&#8221;||30px||false|false&#8221; text_orientation_tablet=&#8221;center&#8221; text_orientation_phone=&#8221;center&#8221; text_orientation_last_edited=&#8221;on|tablet&#8221; border_width_bottom=&#8221;1px&#8221; border_color_bottom=&#8221;#00a6b6&#8243; global_colors_info=&#8221;{}&#8221;]<\/p>\n<p>Azeta distribuciones<\/p>\n<p>Calle San Juan, S\/N<br \/>18100 Armilla (Granada)<\/p>\n<p>902 13 10 14<br \/>info@azeta.es<\/p>\n<p>[\/et_pb_blurb][et_pb_blurb title=&#8221;Illes Can\u00e0ries&#8221; use_icon=&#8221;on&#8221; font_icon=&#8221;&#xe081;||divi||400&#8243; icon_placement=&#8221;left&#8221; image_icon_width=&#8221;34px&#8221; icon_placement_tablet=&#8221;top&#8221; icon_placement_phone=&#8221;top&#8221; icon_placement_last_edited=&#8221;on|tablet&#8221; _builder_version=&#8221;4.27.4&#8243; _module_preset=&#8221;default&#8221; header_level=&#8221;h3&#8243; header_line_height=&#8221;1.4em&#8221; custom_padding=&#8221;||30px||false|false&#8221; text_orientation_tablet=&#8221;center&#8221; text_orientation_phone=&#8221;center&#8221; text_orientation_last_edited=&#8221;on|tablet&#8221; global_colors_info=&#8221;{}&#8221;]<\/p>\n<p>Troquel Libros<\/p>\n<p>URB. MONTA\u00d1A BLANCA PAR.31A.<br \/>35415 Las Palmas<\/p>\n<p>928 62 17 79<br \/>pedidos@troquel.net<\/p>\n<p>[\/et_pb_blurb][\/et_pb_column][et_pb_column type=&#8221;1_2&#8243; _builder_version=&#8221;4.27.4&#8243; _module_preset=&#8221;default&#8221; background_color=&#8221;#FFFFFF&#8221; custom_padding=&#8221;30px|30px|30px|30px|true|true&#8221; border_radii=&#8221;on|3px|3px|3px|3px&#8221; box_shadow_style=&#8221;preset1&#8243; box_shadow_color=&#8221;rgba(0,166,182,0.2)&#8221; global_colors_info=&#8221;{}&#8221;][et_pb_text _builder_version=&#8221;4.27.4&#8243; _module_preset=&#8221;default&#8221; header_2_text_align=&#8221;center&#8221; header_2_text_color=&#8221;#00a6b6&#8243; header_2_font_size=&#8221;36px&#8221; global_colors_info=&#8221;{}&#8221;]<\/p>\n<h2>Internacional<\/h2>\n<p>[\/et_pb_text][et_pb_blurb title=&#8221;Estats Units&#8221; use_icon=&#8221;on&#8221; font_icon=&#8221;&#xe081;||divi||400&#8243; icon_placement=&#8221;left&#8221; image_icon_width=&#8221;34px&#8221; icon_placement_tablet=&#8221;top&#8221; icon_placement_phone=&#8221;top&#8221; icon_placement_last_edited=&#8221;on|tablet&#8221; _builder_version=&#8221;4.27.4&#8243; _module_preset=&#8221;default&#8221; header_level=&#8221;h3&#8243; header_line_height=&#8221;1.4em&#8221; custom_padding=&#8221;||30px||false|false&#8221; text_orientation_tablet=&#8221;center&#8221; text_orientation_phone=&#8221;center&#8221; text_orientation_last_edited=&#8221;on|tablet&#8221; border_width_bottom=&#8221;1px&#8221; border_color_bottom=&#8221;#00a6b6&#8243; global_colors_info=&#8221;{}&#8221;]<\/p>\n<p>Lectorum<\/p>\n<p>Inc. 205 Chubb Avenue Lyndhurst<br \/>NJ 07071-3520 Estados Unidos<\/p>\n<p>+1 (201) 559-2200<\/p>\n<p>[\/et_pb_blurb][et_pb_blurb title=&#8221;M\u00e8xic&#8221; use_icon=&#8221;on&#8221; font_icon=&#8221;&#xe081;||divi||400&#8243; icon_placement=&#8221;left&#8221; image_icon_width=&#8221;34px&#8221; icon_placement_tablet=&#8221;top&#8221; icon_placement_phone=&#8221;top&#8221; icon_placement_last_edited=&#8221;on|tablet&#8221; _builder_version=&#8221;4.27.4&#8243; _module_preset=&#8221;default&#8221; header_level=&#8221;h3&#8243; header_line_height=&#8221;1.4em&#8221; custom_padding=&#8221;||30px||false|false&#8221; hover_enabled=&#8221;0&#8243; text_orientation_tablet=&#8221;center&#8221; text_orientation_phone=&#8221;center&#8221; text_orientation_last_edited=&#8221;on|tablet&#8221; border_width_bottom=&#8221;1px&#8221; border_color_bottom=&#8221;#00a6b6&#8243; global_colors_info=&#8221;{}&#8221; sticky_enabled=&#8221;0&#8243;]<\/p>\n<p>Mozaico Press<\/p>\n<p>Ciudad Guadalupe<br \/>Nuevo Le\u00f3n. CP 67118<\/p>\n<p>Tel. +52 811 277 9358<br \/>gilgallardom@gmail.com<\/p>\n<p>[\/et_pb_blurb][et_pb_blurb title=&#8221;Argentina&#8221; use_icon=&#8221;on&#8221; font_icon=&#8221;&#xe081;||divi||400&#8243; icon_placement=&#8221;left&#8221; image_icon_width=&#8221;34px&#8221; icon_placement_tablet=&#8221;top&#8221; icon_placement_phone=&#8221;top&#8221; icon_placement_last_edited=&#8221;on|tablet&#8221; _builder_version=&#8221;4.27.4&#8243; _module_preset=&#8221;default&#8221; header_level=&#8221;h3&#8243; header_line_height=&#8221;1.4em&#8221; custom_padding=&#8221;||30px||false|false&#8221; text_orientation_tablet=&#8221;center&#8221; text_orientation_phone=&#8221;center&#8221; text_orientation_last_edited=&#8221;on|tablet&#8221; border_width_bottom=&#8221;1px&#8221; border_color_bottom=&#8221;#00a6b6&#8243; global_colors_info=&#8221;{}&#8221;]Del Nuevo Extremo<\/p>\n<p>Charlone 1351,<br \/>\nCABA, Argentina<\/p>\n<p>+54 11 4552 4115<br \/>\ninfo@dnxlibros.com[\/et_pb_blurb][et_pb_blurb title=&#8221;Xile&#8221; use_icon=&#8221;on&#8221; font_icon=&#8221;&#xe081;||divi||400&#8243; icon_placement=&#8221;left&#8221; image_icon_width=&#8221;34px&#8221; icon_placement_tablet=&#8221;top&#8221; icon_placement_phone=&#8221;top&#8221; icon_placement_last_edited=&#8221;on|tablet&#8221; _builder_version=&#8221;4.27.4&#8243; _module_preset=&#8221;default&#8221; header_level=&#8221;h3&#8243; header_line_height=&#8221;1.4em&#8221; custom_padding=&#8221;||30px||false|false&#8221; text_orientation_tablet=&#8221;center&#8221; text_orientation_phone=&#8221;center&#8221; text_orientation_last_edited=&#8221;on|tablet&#8221; border_width_bottom=&#8221;1px&#8221; border_color_bottom=&#8221;#00a6b6&#8243; global_colors_info=&#8221;{}&#8221;]Liberalia Ediciones<\/p>\n<p>Avenida de Italia 2016, \u00d1u\u00f1oa<br \/>\nSantiago de Chile, Chile<\/p>\n<p>[+562] 2343 8432<br \/>\ninfo@liberaliaediciones.com[\/et_pb_blurb][et_pb_blurb title=&#8221;Uruguai&#8221; use_icon=&#8221;on&#8221; font_icon=&#8221;&#xe081;||divi||400&#8243; icon_placement=&#8221;left&#8221; image_icon_width=&#8221;34px&#8221; icon_placement_tablet=&#8221;top&#8221; icon_placement_phone=&#8221;top&#8221; icon_placement_last_edited=&#8221;on|tablet&#8221; _builder_version=&#8221;4.27.4&#8243; _module_preset=&#8221;default&#8221; header_level=&#8221;h3&#8243; header_line_height=&#8221;1.4em&#8221; custom_padding=&#8221;||30px||false|false&#8221; text_orientation_tablet=&#8221;center&#8221; text_orientation_phone=&#8221;center&#8221; text_orientation_last_edited=&#8221;on|tablet&#8221; global_colors_info=&#8221;{}&#8221;]<\/p>\n<p>Ludos\u00f3ficos<\/p>\n<p>Maldonado 1760<br \/>Montevideo<\/p>\n<p>(+598) 98898779<br \/>ludosoficos@gmail.com<\/p>\n<p>[\/et_pb_blurb][\/et_pb_column][\/et_pb_row][\/et_pb_section]<\/p>\n","protected":false},"excerpt":{"rendered":"<p>NacionalAvda. del Acero, 4Pol\u00edgono Industrial Miralcampo (Salida 38 A2)19200 Azuqueca de Henares, Guadalajara (Espa\u00f1a) +34 949 267 648info@udllibros.comhttp:\/\/www.udllibros.com\/Modesto Alonso Estravis Distribuidora S.L V\u00eda Faraday, 41 Bis Pol. Ind. Del TambreAptdo. 1001, 15890 Santiago de Compostela +34 981 588 600+34 981 589 111alonsolibros@alonsolibros.e.telefonica.netContacto: Juan RegueiroLidiza Distribuidora La Cisterniga.AV. de Soria 1547193 Valladolid 983403060pedidos@lidiza.eshttp:\/\/www.lidiza.esAzeta distribuciones Calle San [&hellip;]<\/p>\n","protected":false},"author":1,"featured_media":26136,"parent":0,"menu_order":0,"comment_status":"closed","ping_status":"closed","template":"","meta":{"_et_pb_use_builder":"on","_et_pb_old_content":"<h1>Distribuci\u00f3n<\/h1><p class=\"Dis_pais\"><strong>Catalu\u00f1a, Euskadi, La Rioja, Asturias, Cantabria, Navarra, Madrid, Castilla-La Mancha, Baleares, Arag\u00f3n, Valencia, Castell\u00f3n, Alicante, Murcia y Albacete<\/strong><\/p><p><strong>UDL Libros<\/strong><br \/>Avda. del Acero, 4<br \/>Pol\u00edgono Industrial Miralcampo (Salida 38 A2)<br \/>19200 Azuqueca de Henares, Guadalajara (Espa\u00f1a)<br \/>Tel.: +34 949 267 648<br \/><a href=\"mailto:info@udllibros.com\">info@udllibros.com<\/a><br \/><a href=\"http:\/\/www.udllibros.com\/\">http:\/\/www.udllibros.com\/<\/a><\/p><p>\u00a0<\/p><p class=\"Dis_pais\"><strong>Galicia<\/strong><\/p><p><strong>Modesto Alonso Estravis Distribuidora S.L<\/strong><br \/>V\u00eda Faraday, 41 Bis Pol. Ind. Del Tambre<br \/>Aptdo. 1001, 15890 Santiago de Compostela<br \/>Tel.: +34 981 588 600<br \/>Fax: +34 981 589 111<br \/><a href=\"mailto:alonsolibros@alonsolibros.e.telefonica.net\">alonsolibros@alonsolibros.e.telefonica.net<\/a><br \/>Contacto: Juan Regueiro<\/p><p>\u00a0<\/p><p><strong>Castilla y Le\u00f3n<\/strong><\/p><p><strong>Lidiza Distribuidora<\/strong><br \/>La Cisterniga.<br \/>AV. de Soria 15<br \/>47193 Valladolid<br \/>Telf: 983403060<br \/><a href=\"pedidos@lidiza.es\">pedidos@lidiza.es<\/a><br \/><a href=\"http:\/\/www.lidiza.es\/html\/par\/index.php\">http:\/\/www.lidiza.es<\/a><\/p><p>\u00a0<\/p><p><strong>Andaluc\u00eda y Extremadura<\/strong><\/p><p><strong>Azeta distribuciones<\/strong><br \/>Calle San Juan, S\/N<br \/>18100 Armilla (Granada)<br \/>Tel.: 902 13 10 14<br \/><a href=\"mailto:info@azeta.es\">info@azeta.es<\/a><\/p><p><strong>\u00a0<\/strong><\/p><p><strong>Islas Canarias<\/strong><\/p><p><strong>Troquel Libros<\/strong><br \/>URB. MONTA\u00d1A BLANCA PAR.31A.<br \/>35415 Las Palmas<br \/>Tel.\u00a0928 62 17 79<br \/><a href=\"mailto:pedidos@troquel.net\">pedidos@troquel.net<\/a><\/p><h2>Distribuci\u00f3n internacional<\/h2><p><strong>Pujol & Amad\u00f3 Export<\/strong><br \/>c\/ Cuenca 35<br \/>17220 Sant Feli\u00fa de Guixols (Girona)<br \/>Espa\u00f1a<br \/>Tel.: (34) 972 323 366<br \/><a href=\"bernat@pujolamado.com\">bernat@pujolamado.com<\/a><\/p>","_et_gb_content_width":"","footnotes":""},"class_list":["post-27637","page","type-page","status-publish","has-post-thumbnail","hentry"],"_links":{"self":[{"href":"https:\/\/www.bookolia.es\/ca\/wp-json\/wp\/v2\/pages\/27637","targetHints":{"allow":["GET"]}}],"collection":[{"href":"https:\/\/www.bookolia.es\/ca\/wp-json\/wp\/v2\/pages"}],"about":[{"href":"https:\/\/www.bookolia.es\/ca\/wp-json\/wp\/v2\/types\/page"}],"author":[{"embeddable":true,"href":"https:\/\/www.bookolia.es\/ca\/wp-json\/wp\/v2\/users\/1"}],"replies":[{"embeddable":true,"href":"https:\/\/www.bookolia.es\/ca\/wp-json\/wp\/v2\/comments?post=27637"}],"version-history":[{"count":0,"href":"https:\/\/www.bookolia.es\/ca\/wp-json\/wp\/v2\/pages\/27637\/revisions"}],"wp:featuredmedia":[{"embeddable":true,"href":"https:\/\/www.bookolia.es\/ca\/wp-json\/wp\/v2\/media\/26136"}],"wp:attachment":[{"href":"https:\/\/www.bookolia.es\/ca\/wp-json\/wp\/v2\/media?parent=27637"}],"curies":[{"name":"wp","href":"https:\/\/api.w.org\/{rel}","templated":true}]}}