{"id":27635,"date":"2017-09-05T18:45:32","date_gmt":"2017-09-05T17:45:32","guid":{"rendered":"https:\/\/www.bookolia.es\/condiciones-legales\/"},"modified":"2025-03-25T10:11:11","modified_gmt":"2025-03-25T09:11:11","slug":"condiciones-legales","status":"publish","type":"page","link":"https:\/\/www.bookolia.es\/ca\/condiciones-legales\/","title":{"rendered":"Condicions legals"},"content":{"rendered":"<p>BASES DEL SORTEO<\/p>\n<p>Las presentes BASES regulan los t\u00e9rminos en los que la sociedad <strong>BOOKOLIA<\/strong>, S.A. (en adelante <strong>BOOKOLIA<\/strong>) con C.I.F.: B87533873, y con domicilio social en calle Cordel de Pavones, 40 A, va a realizar una Promoci\u00f3n entre quienes participen en la promoci\u00f3n de <strong>BOOKOLIA<\/strong> consistente en un sorteo de 2 ejemplares de \u201cEl igl\u00fa\u201d.<\/p>\n<p>El registro por parte del participante tal y como se consigna posteriormente y la participaci\u00f3n en la Promoci\u00f3n supone la aceptaci\u00f3n y la adhesi\u00f3n a las &#8220;BASES LEGALES&#8221; y es por ello que se entender\u00e1 en todo caso que el participante ha le\u00eddo y ha aceptado las &#8220;BASES LEGALES&#8221; antes de acceder a la Promoci\u00f3n.<\/p>\n<p>PRIMERA.- \u00c1MBITO TERRITORIAL<\/p>\n<p>La Promoci\u00f3n ser\u00e1 de \u00e1mbito nacional, es decir, Espa\u00f1a incluidas, Baleares y Canarias<\/p>\n<p>SEGUNDA.- DURACI\u00d3N<\/p>\n<p>La promoci\u00f3n comenzar\u00e1 el martes 6 de septiembre de 2017 y finalizar\u00e1 el 20 de septiembre de 2017 a las 0.00h.<\/p>\n<p><strong>BOOKOLIA<\/strong> se reserva el derecho a ampliar la Promoci\u00f3n si lo estima oportuno y a modificar en cualquier momento las condiciones del presente sorteo, incluso su posible anulaci\u00f3n antes del plazo prefijado, siempre que concurra causa justa para ello, comprometi\u00e9ndose a comunicar las nuevas bases, condiciones de la promoci\u00f3n o su anulaci\u00f3n definitiva.<\/p>\n<p>TERCERA.- PARTICIPANTES<\/p>\n<p>Podr\u00e1n participar en la Promoci\u00f3n todas aquellas personas mayores de 18 a\u00f1os.<\/p>\n<p>No podr\u00e1n optar al premio los empleados de <strong>BOOKOLIA<\/strong>, ni sus familiares directos.<\/p>\n<p>CUARTA.- PREMIO<\/p>\n<p>Se sortear\u00e1:<\/p>\n<ul>\n<li>Dos ejemplares firmados de El igl\u00fa, firmados por Jes\u00fas L\u00f3pez Moya con un dibujo de Zuri\u00f1e Aguirre..<\/li>\n<\/ul>\n<p>&nbsp;<\/p>\n<p>QUINTA.- MECANICA DE LA PROMOCI\u00d3N. PARTICIPACI\u00d3N EN EL SORTEO<\/p>\n<p>El premio se adjudicar\u00e1 mediante un sorteo que se realizar\u00e1 el 25 de septiembre de 2017 entre todos los participantes que se hayan suscrito correctamente.<\/p>\n<p><strong>BOOKOLIA<\/strong> se reserva el derecho de excluir del sorteo, y por consiguiente de la entrega de los premios, a aquellos participantes que, a su entender, hubieran participado de forma incorrecta o que no cumplan con el procedimiento de registro o con las condiciones establecidas en las presentes Bases.<\/p>\n<p>Tras adjudicar aleatoriamente al ganador, se designar\u00e1, asimismo, una reserva para el caso de que el premiado no cumpliera los requisitos de estas Bases para la obtenci\u00f3n del premio o renuncie al mismo.<\/p>\n<p><strong>BOOKOLIA<\/strong> se reserva el derecho de que el premio quede desierto en el caso de que ni el participante agraciado, ni la reserva cumplan los requisitos citados en estas Bases.<\/p>\n<p>El resultado se comunicar\u00e1 personalmente al ganador por <strong>BOOKOLIA<\/strong>.<\/p>\n<p>En ning\u00fan caso podr\u00e1 sustituirse el premio por su valor econ\u00f3mico ni ser cedido a terceros sin el consentimiento expreso de los organizadores del concurso.<\/p>\n<p>Sin limitar en ninguna medida los derechos reconocidos a los consumidores por las disposiciones que resulten aplicables, <strong>BOOKOLIA<\/strong> no es responsable de la p\u00e9rdida o demora por cualquier interrupci\u00f3n, falta temporal de disponibilidad o de continuidad de funcionamiento, problema en la transmisi\u00f3n, p\u00e9rdida de informaci\u00f3n, fraude, desperfecto en la red, problema de funcionamiento de Software, fallo de acceso, de comunicaci\u00f3n o de respuesta o alteraci\u00f3n de la Promoci\u00f3n por problemas t\u00e9cnicos o de otra naturaleza que escapen a su control.<\/p>\n<p>En caso de producirse cualquier incidencia en la Promoci\u00f3n, el participante puede dirigirse al tel\u00e9fono 91 033 71 97<\/p>\n<p>SEXTA.- PROTECCI\u00d3N DE DATOS<\/p>\n<p>En cumplimiento de lo previsto en la Ley Org\u00e1nica 15\/1999, de 13 de diciembre, de Protecci\u00f3n de Datos de Car\u00e1cter Personal (en adelante, \u201cLOPD\u201d) y el Real Decreto 1720\/2007, de 21 de diciembre, por el que se aprueba el Reglamento de desarrollo de<\/p>\n<p>la LOPD (en adelante, el \u201cReglamento\u201d), se informa al participante que la Promoci\u00f3n tiene como finalidad la Promoci\u00f3n de <strong>BOOKOLIA<\/strong> entre los participantes en la misma, siendo a tal efecto incorporados sus datos a un fichero cuyo responsable es <strong>BOOKOLIA<\/strong>, S.A., con C.I.F.: B87533873, y con domicilio social en Cordel de Pavones, 40 A, 28032 Madrid.<\/p>\n<p>Mediante su participaci\u00f3n en la Promoci\u00f3n, el participante consiente de manera expresa el tratamiento de sus datos con la finalidad de remitirle informaci\u00f3n comercial y publicitaria de <strong>BOOKOLIA<\/strong> por v\u00eda postal, correo electr\u00f3nico, SMS, o cualquier otro medio de comunicaci\u00f3n electr\u00f3nica equivalente. Adicionalmente, sus datos ser\u00e1n utilizados al objeto de gestionar su participaci\u00f3n en la Promoci\u00f3n.<\/p>\n<p>El participante podr\u00e1 revocar el consentimiento prestado en cualquier momento, sin necesidad de justificar su decisi\u00f3n, bastando comunicarlo por cualquier medio a <strong>BOOKOLIA<\/strong>. Asimismo, podr\u00e1 ejercer sus derechos de acceso, rectificaci\u00f3n, oposici\u00f3n y cancelaci\u00f3n mediante la remisi\u00f3n a la direcci\u00f3n indicada en el primer p\u00e1rrafo, de una comunicaci\u00f3n escrita, junto con una copia de su Documento Nacional de Identidad o documento acreditativo equivalente, indicando el derecho que desea ejercitar o enviando un correo electr\u00f3nico a la direcci\u00f3n lopd@elespanol.com Por otro lado, el participante se compromete a comunicar a <strong>BOOKOLIA<\/strong>, cualquier modificaci\u00f3n de sus datos de car\u00e1cter personal a fin de que los mismos se encuentren actualizados en todo momento y no contengan errores. Asimismo, el participante declara que los datos que nos ha facilitado son exactos y veraces.<\/p>\n<p><strong>BOOKOLIA<\/strong>, se compromete a tratar en todo momento sus datos de car\u00e1cter personal de forma absolutamente confidencial y de acuerdo con las finalidades previstas en la presente cl\u00e1usula; y adoptar\u00e1 las medidas de \u00edndole t\u00e9cnica y organizativas necesarias que garanticen la seguridad de sus datos y eviten su alteraci\u00f3n, p\u00e9rdida, tratamiento o acceso no autorizado, habida cuenta del estado de la tecnolog\u00eda, la naturaleza de los datos almacenados y los riesgos a que est\u00e1n expuestos, todo ello en cumplimiento de los dispuesto en el Reglamento.<\/p>\n<p>SEPTIMA.- DERECHOS DE IMAGEN<\/p>\n<p><strong>BOOKOLIA<\/strong> se reserva el derecho de utilizar el nombre y la imagen de los ganadores en todo lo relativo al resultado del sorteo, por lo que los participantes consienten en la utilizaci\u00f3n, publicaci\u00f3n y reproducci\u00f3n de su imagen y su nombre en los medios de comunicaci\u00f3n que <strong>BOOKOLIA<\/strong> estime necesarios (incluyendo, a t\u00edtulo de ejemplo, prensa, radio, televisi\u00f3n o Internet), con fines promocionales o informativos siempre que estos se relacionen con la presente promoci\u00f3n, sin compensaci\u00f3n econ\u00f3mica de cualquier clase para el participante.<\/p>\n<p>OCTAVA.- JURISDICCI\u00d3N<\/p>\n<p>Las partes acuerdan someterse expresamente a los Juzgados y Tribunales de Madrid capital para resolver cualquier controversia que pueda surgir en la interpretaci\u00f3n o ejecuci\u00f3n de las presentes BASES.<\/p>\n<p>NOVENA.- RESPONSABILIDAD<\/p>\n<p>LAS DISTINTAS PLATAFORMAS SOCIALES donde se publicita el sorteo y sus filiales no son en ning\u00fan caso patrocinadores o promotores de este concurso ni est\u00e1n relacionados en modo alguno con <strong>BOOKOLIA<\/strong> S. L., sociedad editora del mismo.<\/p>\n<p>&nbsp;<\/p>\n<menu id=\"fcltHTML5Menu1\" type=\"context\"><\/menu>\n","protected":false},"excerpt":{"rendered":"<p>BASES DEL SORTEO Las presentes BASES regulan los t\u00e9rminos en los que la sociedad BOOKOLIA, S.A. (en adelante BOOKOLIA) con C.I.F.: B87533873, y con domicilio social en calle Cordel de Pavones, 40 A, va a realizar una Promoci\u00f3n entre quienes participen en la promoci\u00f3n de BOOKOLIA consistente en un sorteo de 2 ejemplares de \u201cEl [&hellip;]<\/p>\n","protected":false},"author":1,"featured_media":0,"parent":0,"menu_order":0,"comment_status":"closed","ping_status":"closed","template":"","meta":{"_et_pb_use_builder":"","_et_pb_old_content":"","_et_gb_content_width":"","footnotes":""},"class_list":["post-27635","page","type-page","status-publish","hentry"],"_links":{"self":[{"href":"https:\/\/www.bookolia.es\/ca\/wp-json\/wp\/v2\/pages\/27635","targetHints":{"allow":["GET"]}}],"collection":[{"href":"https:\/\/www.bookolia.es\/ca\/wp-json\/wp\/v2\/pages"}],"about":[{"href":"https:\/\/www.bookolia.es\/ca\/wp-json\/wp\/v2\/types\/page"}],"author":[{"embeddable":true,"href":"https:\/\/www.bookolia.es\/ca\/wp-json\/wp\/v2\/users\/1"}],"replies":[{"embeddable":true,"href":"https:\/\/www.bookolia.es\/ca\/wp-json\/wp\/v2\/comments?post=27635"}],"version-history":[{"count":0,"href":"https:\/\/www.bookolia.es\/ca\/wp-json\/wp\/v2\/pages\/27635\/revisions"}],"wp:attachment":[{"href":"https:\/\/www.bookolia.es\/ca\/wp-json\/wp\/v2\/media?parent=27635"}],"curies":[{"name":"wp","href":"https:\/\/api.w.org\/{rel}","templated":true}]}}