{"id":26249,"date":"2014-05-14T23:40:50","date_gmt":"2014-05-14T22:40:50","guid":{"rendered":"https:\/\/www.bookolia.es\/bookolia-es-una-editorial-radicada-en-madrid-que-desde-2015-publica-libros-infantiles-y-juveniles\/"},"modified":"2026-03-19T13:48:05","modified_gmt":"2026-03-19T12:48:05","slug":"inici","status":"publish","type":"page","link":"https:\/\/www.bookolia.es\/ca\/","title":{"rendered":"Inici"},"content":{"rendered":"<p>[et_pb_section fb_built=&#8221;1&#8243; _builder_version=&#8221;4.27.4&#8243; _module_preset=&#8221;default&#8221; custom_padding=&#8221;0px||0px||true|false&#8221; global_colors_info=&#8221;{}&#8221;][et_pb_row column_structure=&#8221;3_4,1_4&#8243; use_custom_gutter=&#8221;on&#8221; gutter_width=&#8221;1&#8243; make_equal=&#8221;on&#8221; _builder_version=&#8221;4.27.4&#8243; _module_preset=&#8221;default&#8221; width=&#8221;100%&#8221; max_width=&#8221;2560px&#8221; custom_padding=&#8221;0px||0px||true|false&#8221; global_colors_info=&#8221;{}&#8221;][et_pb_column type=&#8221;3_4&#8243; module_class=&#8221;ds-vertical-align&#8221; _builder_version=&#8221;4.27.4&#8243; _module_preset=&#8221;default&#8221; global_colors_info=&#8221;{}&#8221;][et_pb_slider use_bg_overlay=&#8221;off&#8221; use_text_overlay=&#8221;on&#8221; text_overlay_color=&#8221;RGBA(255,255,255,0)&#8221; text_overlay_color_tablet=&#8221;rgba(0,0,0,0.4)&#8221; text_overlay_color_phone=&#8221;rgba(0,0,0,0.4)&#8221; text_overlay_color_last_edited=&#8221;on|tablet&#8221; _builder_version=&#8221;4.27.6&#8243; _module_preset=&#8221;default&#8221; header_font=&#8221;||||||||&#8221; header_font_size=&#8221;40px&#8221; custom_padding=&#8221;170px||170px||true|false&#8221; custom_padding_tablet=&#8221;50px||50px||true|false&#8221; custom_padding_phone=&#8221;||||true|false&#8221; custom_padding_last_edited=&#8221;on|tablet&#8221; auto=&#8221;on&#8221; auto_speed=&#8221;4000&#8243; hover_enabled=&#8221;0&#8243; header_font_size_tablet=&#8221;30px&#8221; header_font_size_phone=&#8221;30px&#8221; header_font_size_last_edited=&#8221;on|tablet&#8221; custom_css_free_form=&#8221;@media (min-width: 981px)||{||.et_pb_text_overlay_wrapper .et_pb_slide_title a||{||  background-color:rgba(0,0,0,0.4);||  padding:10px 20px;||}||}||.et_pb_slider_with_text_overlay .et_pb_text_overlay_wrapper||{||  padding:10px 10px 5px 10px;||}&#8221; global_colors_info=&#8221;{}&#8221; sticky_enabled=&#8221;0&#8243;][et_pb_slide heading=&#8221;Ingr\u00e0vida&#8221; button_text=&#8221;Veure llibre&#8221; button_link=&#8221;https:\/\/www.bookolia.es\/ca\/libreria\/ingravida-cat\/&#8221; text_overlay_color_tablet=&#8221;rgba(0,0,0,0.4)&#8221; text_overlay_color_phone=&#8221;rgba(0,0,0,0.4)&#8221; text_overlay_color_last_edited=&#8221;on|tablet&#8221; _builder_version=&#8221;4.27.6&#8243; _module_preset=&#8221;default&#8221; background_image=&#8221;https:\/\/www.bookolia.es\/wp-content\/uploads\/IngravidaSlide.jpg&#8221; background_enable_image=&#8221;on&#8221; hover_enabled=&#8221;0&#8243; global_colors_info=&#8221;{}&#8221; sticky_transition=&#8221;on&#8221; alt=&#8221;Ingr\u00e1vida inicio&#8221; title_text=&#8221;IngravidaSlide&#8221; sticky_enabled=&#8221;0&#8243;][\/et_pb_slide][et_pb_slide heading=&#8221;Llupet&#8221; button_text=&#8221;Veure llibre&#8221; button_link=&#8221;https:\/\/www.bookolia.es\/ca\/libreria\/llupet\/&#8221; text_overlay_color_tablet=&#8221;rgba(0,0,0,0.4)&#8221; text_overlay_color_phone=&#8221;rgba(0,0,0,0.4)&#8221; text_overlay_color_last_edited=&#8221;on|tablet&#8221; _builder_version=&#8221;4.27.6&#8243; _module_preset=&#8221;default&#8221; background_image=&#8221;https:\/\/www.bookolia.es\/wp-content\/uploads\/lupitoSlide.jpg&#8221; background_enable_image=&#8221;on&#8221; hover_enabled=&#8221;0&#8243; global_colors_info=&#8221;{}&#8221; sticky_transition=&#8221;on&#8221; alt=&#8221;Lupito inicio&#8221; title_text=&#8221;lupitoSlide&#8221; sticky_enabled=&#8221;0&#8243;][\/et_pb_slide][et_pb_slide heading=&#8221;L&#8217;excursi\u00f3&#8221; button_text=&#8221;Veure llibre&#8221; button_link=&#8221;https:\/\/www.bookolia.es\/ca\/libreria\/lexcursio\/&#8221; text_overlay_color_tablet=&#8221;rgba(0,0,0,0.4)&#8221; text_overlay_color_phone=&#8221;rgba(0,0,0,0.4)&#8221; text_overlay_color_last_edited=&#8221;on|tablet&#8221; _builder_version=&#8221;4.27.6&#8243; _module_preset=&#8221;default&#8221; background_image=&#8221;https:\/\/www.bookolia.es\/wp-content\/uploads\/ExcursionSlide03.jpg&#8221; background_enable_image=&#8221;on&#8221; hover_enabled=&#8221;0&#8243; global_colors_info=&#8221;{}&#8221; sticky_transition=&#8221;on&#8221; sticky_enabled=&#8221;0&#8243;][\/et_pb_slide][\/et_pb_slider][\/et_pb_column][et_pb_column type=&#8221;1_4&#8243; module_class=&#8221;ds-vertical-align&#8221; _builder_version=&#8221;4.27.4&#8243; _module_preset=&#8221;default&#8221; global_colors_info=&#8221;{}&#8221;][et_pb_text module_class=&#8221;ds-vertical-align&#8221; _builder_version=&#8221;4.27.4&#8243; _module_preset=&#8221;default&#8221; header_2_font_size=&#8221;30px&#8221; background_color=&#8221;rgba(0,166,182,0.7)&#8221; background_enable_image=&#8221;off&#8221; background_blend=&#8221;multiply&#8221; text_orientation=&#8221;center&#8221; background_layout=&#8221;dark&#8221; min_height=&#8221;33.3%&#8221; custom_padding=&#8221;20px|20px|20px|20px|true|true&#8221; link_option_url=&#8221;https:\/\/www.bookolia.es\/ca\/cataleg\/&#8221; global_colors_info=&#8221;{}&#8221; background__hover_enabled=&#8221;on|desktop&#8221; background_color__hover=&#8221;#00a6b6&#8243; background_enable_color__hover=&#8221;on&#8221;]<\/p>\n<h2>Cat\u00e0leg<\/h2>\n<p>[\/et_pb_text][et_pb_text module_class=&#8221;ds-vertical-align&#8221; _builder_version=&#8221;4.27.4&#8243; _module_preset=&#8221;default&#8221; header_2_font_size=&#8221;30px&#8221; background_color=&#8221;#00a6b6&#8243; background_enable_image=&#8221;off&#8221; background_blend=&#8221;multiply&#8221; text_orientation=&#8221;center&#8221; background_layout=&#8221;dark&#8221; min_height=&#8221;33.4%&#8221; custom_padding=&#8221;20px|20px|20px|20px|true|true&#8221; link_option_url=&#8221;https:\/\/www.bookolia.es\/ca\/foreign-rights\/&#8221; global_colors_info=&#8221;{}&#8221; background__hover_enabled=&#8221;on|hover&#8221; background_color__hover=&#8221;rgba(0,166,182,0.7)&#8221; background_enable_color__hover=&#8221;on&#8221;]<\/p>\n<h2>Foreign Rights<\/h2>\n<p>[\/et_pb_text][et_pb_text module_class=&#8221;ds-vertical-align&#8221; _builder_version=&#8221;4.27.4&#8243; _module_preset=&#8221;default&#8221; header_2_font_size=&#8221;30px&#8221; background_color=&#8221;rgba(0,166,182,0.7)&#8221; background_enable_image=&#8221;off&#8221; background_blend=&#8221;multiply&#8221; text_orientation=&#8221;center&#8221; background_layout=&#8221;dark&#8221; min_height=&#8221;33.3%&#8221; custom_padding=&#8221;20px|20px|20px|20px|true|true&#8221; link_option_url=&#8221;https:\/\/www.bookolia.es\/ca\/distribucio\/&#8221; global_colors_info=&#8221;{}&#8221; background__hover_enabled=&#8221;on|hover&#8221; background_color__hover=&#8221;#00a6b6&#8243; background_enable_color__hover=&#8221;on&#8221;]<\/p>\n<h2>Distribuci\u00f3<\/h2>\n<p>[\/et_pb_text][\/et_pb_column][\/et_pb_row][\/et_pb_section][et_pb_section fb_built=&#8221;1&#8243; _builder_version=&#8221;4.27.4&#8243; _module_preset=&#8221;default&#8221; background_color=&#8221;#00a6b6&#8243; background_enable_pattern_style=&#8221;on&#8221; background_pattern_style=&#8221;confetti&#8221; background_pattern_color=&#8221;rgba(255,255,255,0.1)&#8221; custom_padding=&#8221;0px||0px||true|false&#8221; global_colors_info=&#8221;{}&#8221;][et_pb_row column_structure=&#8221;1_2,1_2&#8243; make_equal=&#8221;on&#8221; _builder_version=&#8221;4.27.4&#8243; _module_preset=&#8221;default&#8221; z_index=&#8221;500&#8243; animation_style=&#8221;fade&#8221; global_colors_info=&#8221;{}&#8221;][et_pb_column type=&#8221;1_2&#8243; module_class=&#8221;ds-vertical-align&#8221; _builder_version=&#8221;4.27.4&#8243; _module_preset=&#8221;default&#8221; global_colors_info=&#8221;{}&#8221;][et_pb_text _builder_version=&#8221;4.27.4&#8243; _module_preset=&#8221;default&#8221; text_font_size=&#8221;26px&#8221; text_orientation=&#8221;right&#8221; background_layout=&#8221;dark&#8221; text_orientation_tablet=&#8221;center&#8221; text_orientation_phone=&#8221;center&#8221; text_orientation_last_edited=&#8221;on|desktop&#8221; global_colors_info=&#8221;{}&#8221;]<\/p>\n<p>Estic buscant un llibre de\u2026<\/p>\n<p>[\/et_pb_text][\/et_pb_column][et_pb_column type=&#8221;1_2&#8243; module_class=&#8221;ds-vertical-align&#8221; _builder_version=&#8221;4.27.4&#8243; _module_preset=&#8221;default&#8221; global_colors_info=&#8221;{}&#8221;][et_pb_menu menu_id=&#8221;514&#8243; menu_style=&#8221;centered&#8221; dropdown_menu_line_color=&#8221;#00a6b6&#8243; _builder_version=&#8221;4.27.4&#8243; _module_preset=&#8221;default&#8221; menu_font_size=&#8221;20px&#8221; background_color=&#8221;#FFFFFF&#8221; max_width=&#8221;75%&#8221; max_width_tablet=&#8221;100%&#8221; max_width_phone=&#8221;100%&#8221; max_width_last_edited=&#8221;on|tablet&#8221; custom_padding=&#8221;6px|10px|6px|10px|true|true&#8221; module_alignment_last_edited=&#8221;off|tablet&#8221; border_radii=&#8221;on|3px|3px|3px|3px&#8221; global_colors_info=&#8221;{}&#8221;][\/et_pb_menu][\/et_pb_column][\/et_pb_row][\/et_pb_section][et_pb_section fb_built=&#8221;1&#8243; custom_padding_last_edited=&#8221;on|tablet&#8221; _builder_version=&#8221;4.27.4&#8243; background_blend=&#8221;color&#8221; custom_padding=&#8221;||||false|false&#8221; custom_padding_tablet=&#8221;0px||0px||true|false&#8221; custom_padding_phone=&#8221;0px||0px||true|false&#8221; global_colors_info=&#8221;{}&#8221;][et_pb_row column_structure=&#8221;1_3,2_3&#8243; make_equal=&#8221;on&#8221; _builder_version=&#8221;4.16&#8243; background_size=&#8221;initial&#8221; background_position=&#8221;top_left&#8221; background_repeat=&#8221;repeat&#8221; global_colors_info=&#8221;{}&#8221;][et_pb_column type=&#8221;1_3&#8243; module_class=&#8221;ds-vertical-align&#8221; _builder_version=&#8221;4.16&#8243; custom_padding=&#8221;|||&#8221; global_colors_info=&#8221;{}&#8221; custom_padding__hover=&#8221;|||&#8221;][et_pb_image src=&#8221;https:\/\/www.bookolia.es\/wp-content\/uploads\/2014\/05\/logobookoliaCMYKsinV2.png&#8221; align_tablet=&#8221;center&#8221; align_phone=&#8221;&#8221; align_last_edited=&#8221;on|desktop&#8221; _builder_version=&#8221;4.16&#8243; global_colors_info=&#8221;{}&#8221;]&nbsp;<br \/>\n[\/et_pb_image][\/et_pb_column][et_pb_column type=&#8221;2_3&#8243; module_class=&#8221;ds-vertical-align&#8221; _builder_version=&#8221;4.16&#8243; custom_padding=&#8221;|||&#8221; global_colors_info=&#8221;{}&#8221; custom_padding__hover=&#8221;|||&#8221;][et_pb_text _builder_version=&#8221;4.27.4&#8243; text_font=&#8221;||||||||&#8221; header_font=&#8221;||||||||&#8221; header_3_font=&#8221;||||||||&#8221; header_3_line_height=&#8221;1.2em&#8221; header_4_font=&#8221;||||||||&#8221; global_colors_info=&#8221;{}&#8221;]<\/p>\n<h3 class=\"txtGrande\" style=\"text-align: center;\"><strong>Som una editorial independent especialitzada en llibre il\u00b7lustrat.<\/strong><\/h3>\n<h3 class=\"txtGrande\" style=\"text-align: center;\"><strong>Ens agrada el llibre com a objecte perdurable en el temps, per aix\u00f2 posem especial atenci\u00f3 als petits detalls en l&#8217;elaboraci\u00f3 de cadascun.<\/strong><\/h3>\n<h3 class=\"txtGrande\" style=\"text-align: center;\"><strong><span style=\"color: #00a6b6;\">Anima&#8217;t a descobrir el nostre m\u00f3n book\u00f2lic!<\/span><\/strong><\/h3>\n<p>[\/et_pb_text][\/et_pb_column][\/et_pb_row][\/et_pb_section][et_pb_section fb_built=&#8221;1&#8243; module_class=&#8221;libros-inicio&#8221; _builder_version=&#8221;4.16&#8243; background_color=&#8221;rgba(0,166,182,0.05)&#8221; background_enable_pattern_style=&#8221;on&#8221; background_pattern_style=&#8221;confetti&#8221; background_pattern_color=&#8221;rgba(0,166,182,0.05)&#8221; global_colors_info=&#8221;{}&#8221;][et_pb_row _builder_version=&#8221;4.16&#8243; custom_padding=&#8221;||0px|&#8221; global_colors_info=&#8221;{}&#8221;][et_pb_column type=&#8221;4_4&#8243; _builder_version=&#8221;4.16&#8243; custom_padding=&#8221;|||&#8221; global_colors_info=&#8221;{}&#8221; custom_padding__hover=&#8221;|||&#8221;][et_pb_text _builder_version=&#8221;4.27.4&#8243; text_font=&#8221;|700|||||||&#8221; text_text_color=&#8221;gcid-primary-color&#8221; text_font_size=&#8221;70px&#8221; header_font=&#8221;|700|||||||&#8221; header_text_color=&#8221;#00a6b6&#8243; header_font_size=&#8221;70px&#8221; header_2_font=&#8221;|700|||||||&#8221; header_2_text_color=&#8221;gcid-primary-color&#8221; header_2_font_size=&#8221;70px&#8221; custom_margin=&#8221;||10px|&#8221; text_font_size_tablet=&#8221;40px&#8221; text_font_size_phone=&#8221;40px&#8221; text_font_size_last_edited=&#8221;on|tablet&#8221; header_font_size_tablet=&#8221;40px&#8221; header_font_size_phone=&#8221;40px&#8221; header_font_size_last_edited=&#8221;on|desktop&#8221; header_2_font_size_tablet=&#8221;40px&#8221; header_2_font_size_phone=&#8221;40px&#8221; header_2_font_size_last_edited=&#8221;on|tablet&#8221; global_colors_info=&#8221;{%22gcid-primary-color%22:%91%22header_2_text_color%22,%22text_text_color%22%93}&#8221;]<\/p>\n<p style=\"text-align: center;\">Novetats<\/p>\n<p>[\/et_pb_text][\/et_pb_column][\/et_pb_row][et_pb_row _builder_version=&#8221;4.16&#8243; max_width=&#8221;1200px&#8221; global_colors_info=&#8221;{}&#8221;][et_pb_column type=&#8221;4_4&#8243; _builder_version=&#8221;4.16&#8243; custom_padding=&#8221;|||&#8221; global_colors_info=&#8221;{}&#8221; custom_padding__hover=&#8221;|||&#8221;][et_pb_shop type=&#8221;product_category&#8221; posts_number=&#8221;8&#8243; include_categories=&#8221;all&#8221; columns_number=&#8221;4&#8243; orderby=&#8221;date-desc&#8221; icon_hover_color=&#8221;#FFFFFF&#8221; hover_overlay_color=&#8221;rgba(0,166,182,0.5)&#8221; hover_icon=&#8221;&#x4c;||divi||400&#8243; show_rating=&#8221;off&#8221; show_sale_badge=&#8221;off&#8221; _builder_version=&#8221;4.27.4&#8243; title_font=&#8221;|700|||||||&#8221; title_text_align=&#8221;center&#8221; title_text_color=&#8221;#00a6b6&#8243; title_font_size=&#8221;20px&#8221; custom_margin=&#8221;||0px||false|false&#8221; custom_css_product=&#8221;padding:40px 10px 20px 10px!important;||background-color:#fff;||box-shadow:0px 0px 10px #00a6b633;||border-radius:3px;&#8221; custom_css_image=&#8221;margin-bottom:15px;&#8221; global_colors_info=&#8221;{}&#8221;]&nbsp;<br \/>\n[\/et_pb_shop][et_pb_button button_url=&#8221;https:\/\/www.bookolia.es\/ca\/cataleg\/&#8221; button_text=&#8221;Veure tots els llibres&#8221; button_alignment=&#8221;center&#8221; _builder_version=&#8221;4.27.4&#8243; button_text_color_hover=&#8221;#ffffff&#8221; button_border_color_hover=&#8221;#666&#8243; button_bg_color_hover=&#8221;#666&#8243; global_colors_info=&#8221;{}&#8221; button_one_text_size__hover_enabled=&#8221;off&#8221; button_two_text_size__hover_enabled=&#8221;off&#8221; button_one_text_color__hover_enabled=&#8221;off&#8221; button_two_text_color__hover_enabled=&#8221;off&#8221; button_one_border_width__hover_enabled=&#8221;off&#8221; button_two_border_width__hover_enabled=&#8221;off&#8221; button_one_border_color__hover_enabled=&#8221;off&#8221; button_two_border_color__hover_enabled=&#8221;off&#8221; button_one_border_radius__hover_enabled=&#8221;off&#8221; button_two_border_radius__hover_enabled=&#8221;off&#8221; button_one_letter_spacing__hover_enabled=&#8221;off&#8221; button_two_letter_spacing__hover_enabled=&#8221;off&#8221; button_one_bg_color__hover_enabled=&#8221;off&#8221; button_two_bg_color__hover_enabled=&#8221;off&#8221;]&nbsp;<br \/>\n[\/et_pb_button][\/et_pb_column][\/et_pb_row][\/et_pb_section][et_pb_section fb_built=&#8221;1&#8243; _builder_version=&#8221;4.16&#8243; background_image=&#8221;https:\/\/www.bookolia.es\/wp-content\/uploads\/bookolia-libros-infantiles.jpg&#8221; parallax=&#8221;on&#8221; global_colors_info=&#8221;{}&#8221;][et_pb_row column_structure=&#8221;2_3,1_3&#8243; make_equal=&#8221;on&#8221; _builder_version=&#8221;4.16&#8243; background_size=&#8221;initial&#8221; background_position=&#8221;top_left&#8221; background_repeat=&#8221;repeat&#8221; global_colors_info=&#8221;{}&#8221;][et_pb_column type=&#8221;2_3&#8243; module_class=&#8221;ds-vertical-align&#8221; _builder_version=&#8221;4.16&#8243; custom_padding=&#8221;|||&#8221; global_colors_info=&#8221;{}&#8221; custom_padding__hover=&#8221;|||&#8221;][et_pb_text admin_label=&#8221;Texto&#8221; _builder_version=&#8221;4.27.4&#8243; text_font=&#8221;|700|||||||&#8221; text_text_color=&#8221;#FFFFFF&#8221; text_font_size=&#8221;40px&#8221; header_font=&#8221;|700|||||||&#8221; header_text_color=&#8221;#00a6b6&#8243; header_font_size=&#8221;70px&#8221; header_2_font=&#8221;|700|||||||&#8221; header_2_text_color=&#8221;gcid-primary-color&#8221; header_2_font_size=&#8221;70px&#8221; custom_margin=&#8221;||10px|&#8221; header_font_size_tablet=&#8221;40px&#8221; header_font_size_phone=&#8221;40px&#8221; header_font_size_last_edited=&#8221;on|desktop&#8221; header_2_font_size_tablet=&#8221;40px&#8221; header_2_font_size_phone=&#8221;40px&#8221; header_2_font_size_last_edited=&#8221;on|tablet&#8221; global_colors_info=&#8221;{%22gcid-primary-color%22:%91%22header_2_text_color%22%93}&#8221;]<\/p>\n<p style=\"text-align: center;\">Cat\u00e0leg Editorial 2025<\/p>\n<p>[\/et_pb_text][\/et_pb_column][et_pb_column type=&#8221;1_3&#8243; module_class=&#8221;ds-vertical-align&#8221; _builder_version=&#8221;4.16&#8243; custom_padding=&#8221;|||&#8221; global_colors_info=&#8221;{}&#8221; custom_padding__hover=&#8221;|||&#8221;][et_pb_button button_url=&#8221;https:\/\/cutt.ly\/catalogo_202501&#8243; url_new_window=&#8221;on&#8221; button_text=&#8221;Ver Cat\u00e1logo&#8221; button_alignment=&#8221;center&#8221; _builder_version=&#8221;4.27.4&#8243; button_text_color_hover=&#8221;#ffffff&#8221; button_border_color_hover=&#8221;#EFC860&#8243; button_bg_color_hover=&#8221;rgba(255,255,255,0.2)&#8221; global_colors_info=&#8221;{}&#8221; button_one_text_size__hover_enabled=&#8221;off&#8221; button_two_text_size__hover_enabled=&#8221;off&#8221; button_one_text_color__hover_enabled=&#8221;off&#8221; button_two_text_color__hover_enabled=&#8221;off&#8221; button_one_border_width__hover_enabled=&#8221;off&#8221; button_two_border_width__hover_enabled=&#8221;off&#8221; button_one_border_color__hover_enabled=&#8221;off&#8221; button_two_border_color__hover_enabled=&#8221;off&#8221; button_one_border_radius__hover_enabled=&#8221;off&#8221; button_two_border_radius__hover_enabled=&#8221;off&#8221; button_one_letter_spacing__hover_enabled=&#8221;off&#8221; button_two_letter_spacing__hover_enabled=&#8221;off&#8221; button_one_bg_color__hover_enabled=&#8221;off&#8221; button_two_bg_color__hover_enabled=&#8221;off&#8221;]&nbsp;<br \/>\n[\/et_pb_button][\/et_pb_column][\/et_pb_row][\/et_pb_section]<\/p>\n","protected":false},"excerpt":{"rendered":"<p>Cat\u00e0legForeign RightsDistribuci\u00f3Estic buscant un llibre de\u2026&nbsp; Som una editorial independent especialitzada en llibre il\u00b7lustrat. Ens agrada el llibre com a objecte perdurable en el temps, per aix\u00f2 posem especial atenci\u00f3 als petits detalls en l&#8217;elaboraci\u00f3 de cadascun. Anima&#8217;t a descobrir el nostre m\u00f3n book\u00f2lic!Novetats&nbsp; &nbsp; Cat\u00e0leg Editorial 2025&nbsp;<\/p>\n","protected":false},"author":1,"featured_media":0,"parent":0,"menu_order":0,"comment_status":"open","ping_status":"open","template":"","meta":{"_et_pb_use_builder":"on","_et_pb_old_content":"<p class=\"txtGrande\">bookolia es una <strong>editorial independiente<\/strong>\u00a0especializada en libro ilustrado. Nos gusta el libro como objeto\u00a0perdurable en el tiempo, por eso ponemos especial atenci\u00f3n a los peque\u00f1os detalles en la elaboraci\u00f3n de cada uno de ellos.<\/p><p class=\"txtGrande\">\u00a1An\u00edmate a descubrir nuestro mundo book\u00f3lico!<\/p><p>[bgsection pex_attr_title=\"\" pex_attr_subtitle=\"\" pex_attr_undefined=\"undefined\" pex_attr_style=\"section-light2\" pex_attr_bgcolor=\"faf9f4\" pex_attr_image=\"\" pex_attr_imageopacity=\"0.1\" pex_attr_titlecolor=\"444444\" pex_attr_textcolor=\"6b6a6b\" pex_attr_bgimagestyle=\"static\"]<a href=\"https:\/\/goo.gl\/YJn6kn\"><img class=\"img-frame aligncenter\" src=\"https:\/\/www.bookolia.es\/wp-content\/uploads\/portada-3.jpg\" alt=\"\" width=\"1166\" height=\"422\" \/><\/a>[\/bgsection]<\/p>","_et_gb_content_width":"","footnotes":""},"class_list":["post-26249","page","type-page","status-publish","hentry"],"_links":{"self":[{"href":"https:\/\/www.bookolia.es\/ca\/wp-json\/wp\/v2\/pages\/26249","targetHints":{"allow":["GET"]}}],"collection":[{"href":"https:\/\/www.bookolia.es\/ca\/wp-json\/wp\/v2\/pages"}],"about":[{"href":"https:\/\/www.bookolia.es\/ca\/wp-json\/wp\/v2\/types\/page"}],"author":[{"embeddable":true,"href":"https:\/\/www.bookolia.es\/ca\/wp-json\/wp\/v2\/users\/1"}],"replies":[{"embeddable":true,"href":"https:\/\/www.bookolia.es\/ca\/wp-json\/wp\/v2\/comments?post=26249"}],"version-history":[{"count":1,"href":"https:\/\/www.bookolia.es\/ca\/wp-json\/wp\/v2\/pages\/26249\/revisions"}],"predecessor-version":[{"id":28787,"href":"https:\/\/www.bookolia.es\/ca\/wp-json\/wp\/v2\/pages\/26249\/revisions\/28787"}],"wp:attachment":[{"href":"https:\/\/www.bookolia.es\/ca\/wp-json\/wp\/v2\/media?parent=26249"}],"curies":[{"name":"wp","href":"https:\/\/api.w.org\/{rel}","templated":true}]}}